{"id":2913,"date":"2023-03-10T06:41:13","date_gmt":"2023-03-10T05:41:13","guid":{"rendered":"https:\/\/www.staffice.app\/enquete-sur-lapplication-modele\/"},"modified":"2023-06-07T14:18:16","modified_gmt":"2023-06-07T12:18:16","slug":"enquete-sur-lapplication-modele","status":"publish","type":"page","link":"https:\/\/www.staffice.app\/fr\/enquete-sur-lapplication-modele\/","title":{"rendered":"Enqu\u00eate sur l&rsquo;application mod\u00e8le"},"content":{"rendered":"\n<div class=\"wp-block-group alignfull has-background-primary-background-color has-background pt__1 has-global-padding is-layout-constrained wp-block-group-is-layout-constrained\">\n<div class=\"wp-block-ainoblocks-grid-container alignwide ab-grid-block has-background-primary-background-color has-background pt__10 pb__10\">\n<div class=\"wp-block-ainoblocks-grid-item col_start_d__3 col_end_d__7 col_start_t__2 col_end_t__12 col_start_m__2 col_end_m__12 no-stacking pb__10\">\n<div class=\"wp-block-ab-animate\" data-scroll-class=\"fadeInUp\">\n<div class=\"wp-block-group pt__2 pb__2 pl__2 pr__2 has-global-padding is-layout-constrained wp-block-group-is-layout-constrained\">\n<figure class=\"wp-block-image size-full is-resized\"><img decoding=\"async\" loading=\"lazy\" src=\"https:\/\/www.staffice.app\/wp-content\/uploads\/2023\/03\/zufriedenheitsumfrage_en-1.png\" alt=\"Une femme participe &#xE0; un sondage sur son t&#xE9;l&#xE9;phone portable\" class=\"wp-image-2872\" width=\"385\" height=\"337\"\/><\/figure>\n<\/div>\n<\/div>\n<\/div>\n\n\n\n<div class=\"wp-block-ainoblocks-grid-item col_start_d__7 col_end_d__12 col_start_t__2 col_end_t__12 col_start_m__2 col_end_m__12 align-self__center no-stacking\">\n<div class=\"wp-block-ab-animate\" data-scroll-class=\"fadeInRight\" data-scroll-delay=\"200\">\n<h3 class=\"wp-block-heading has-text-xxl-font-size pt__2 pb__10\"><strong><strong><strong><strong>Enqu\u00eate de satisfaction <\/strong><\/strong><\/strong><\/strong><br\/><strong><strong><strong><strong>Application de d\u00e9monstration de Staffice<\/strong><\/strong><\/strong><\/strong><\/h3>\n\n\n\n<p>Nous vous remercions vivement d&rsquo;avoir pris le temps de r\u00e9pondre \u00e0 cette petite enqu\u00eate. <br\/><br\/>L&rsquo;enqu\u00eate anonyme prend environ une minute. Vous pouvez ainsi contribuer \u00e0 fa\u00e7onner l&rsquo;avenir de Staffice et nous aider \u00e0 faire \u00e9voluer Staffice pour le plus grand bonheur de nos utilisateurs.<\/p>\n<\/div>\n<\/div>\n<\/div>\n<\/div>\n\n<div class=\"wp-block-group alignfull has-background-secondary-background-color has-background pt__10 pb__10 has-global-padding is-layout-constrained wp-block-group-is-layout-constrained\">\n<div class=\"wp-block-group drpshdw-large has-background-primary-background-color has-background pt__10 pb__10 pl__10 pr__10 has-global-padding is-layout-constrained wp-block-group-is-layout-constrained\"><div class=\"wpforms-container wpforms-container-full wpforms-block wpforms-block-280358ba-38ae-4ada-a3b5-5e1dc93d7a2a\" id=\"wpforms-2876\"><form id=\"wpforms-form-2876\" class=\"wpforms-validate wpforms-form wpforms-ajax-form\" data-formid=\"2876\" method=\"post\" enctype=\"multipart\/form-data\" action=\"\/fr\/wp-json\/wp\/v2\/pages\/2913\" data-token=\"756d0d65ad4c2b395441efef5e7f9d0a\" data-token-time=\"1778863266\"><noscript class=\"wpforms-error-noscript\">Veuillez activer JavaScript dans votre navigateur pour remplir ce formulaire.<\/noscript><div class=\"wpforms-field-container\"><div id=\"wpforms-2876-field_1-container\" class=\"wpforms-field wpforms-field-radio\" data-field-id=\"1\"><label class=\"wpforms-field-label\">L&#039;installation et la connexion ont-elles bien fonctionn\u00e9 ?<\/label><ul id=\"wpforms-2876-field_1\"><li class=\"choice-1 depth-1\"><input type=\"radio\" id=\"wpforms-2876-field_1_1\" name=\"wpforms[fields][1]\" value=\"Super\"  ><label class=\"wpforms-field-label-inline\" for=\"wpforms-2876-field_1_1\">Super<\/label><\/li><li class=\"choice-2 depth-1\"><input type=\"radio\" id=\"wpforms-2876-field_1_2\" name=\"wpforms[fields][1]\" value=\"J&#039;ai eu quelques difficult\u00e9s\"  ><label class=\"wpforms-field-label-inline\" for=\"wpforms-2876-field_1_2\">J&rsquo;ai eu quelques difficult\u00e9s<\/label><\/li><li class=\"choice-3 depth-1\"><input type=\"radio\" id=\"wpforms-2876-field_1_3\" name=\"wpforms[fields][1]\" value=\"Je n&#039;ai pas pu m&#039;inscrire du tout.\"  ><label class=\"wpforms-field-label-inline\" for=\"wpforms-2876-field_1_3\">Je n&rsquo;ai pas pu m&rsquo;inscrire du tout.<\/label><\/li><\/ul><\/div><div id=\"wpforms-2876-field_2-container\" class=\"wpforms-field wpforms-field-radio\" data-field-id=\"2\"><label class=\"wpforms-field-label\">Staffice est-il facile \u00e0 utiliser ?<\/label><ul id=\"wpforms-2876-field_2\"><li class=\"choice-1 depth-1\"><input type=\"radio\" id=\"wpforms-2876-field_2_1\" name=\"wpforms[fields][2]\" value=\"J&#039;ai pu directement bien utiliser l&#039;application\"  ><label class=\"wpforms-field-label-inline\" for=\"wpforms-2876-field_2_1\">J&rsquo;ai pu directement bien utiliser l&rsquo;application<\/label><\/li><li class=\"choice-2 depth-1\"><input type=\"radio\" id=\"wpforms-2876-field_2_2\" name=\"wpforms[fields][2]\" value=\"Certaines fonctions n&#039;\u00e9taient pas tr\u00e8s claires pour moi\"  ><label class=\"wpforms-field-label-inline\" for=\"wpforms-2876-field_2_2\">Certaines fonctions n&rsquo;\u00e9taient pas tr\u00e8s claires pour moi<\/label><\/li><li class=\"choice-3 depth-1\"><input type=\"radio\" id=\"wpforms-2876-field_2_3\" name=\"wpforms[fields][2]\" value=\"J&#039;ai eu globalement du mal \u00e0 m&#039;y retrouver\"  ><label class=\"wpforms-field-label-inline\" for=\"wpforms-2876-field_2_3\">J&rsquo;ai eu globalement du mal \u00e0 m&rsquo;y retrouver<\/label><\/li><\/ul><\/div><div id=\"wpforms-2876-field_4-container\" class=\"wpforms-field wpforms-field-radio\" data-field-id=\"4\"><label class=\"wpforms-field-label\">Avec combien de collaborateurs souhaitez-vous utiliser une application pour collaborateurs ?<\/label><ul id=\"wpforms-2876-field_4\"><li class=\"choice-1 depth-1\"><input type=\"radio\" id=\"wpforms-2876-field_4_1\" name=\"wpforms[fields][4]\" value=\"moins de 50 employ\u00e9s\"  ><label class=\"wpforms-field-label-inline\" for=\"wpforms-2876-field_4_1\">moins de 50 employ\u00e9s<\/label><\/li><li class=\"choice-2 depth-1\"><input type=\"radio\" id=\"wpforms-2876-field_4_2\" name=\"wpforms[fields][4]\" value=\"50-200 employ\u00e9s\"  ><label class=\"wpforms-field-label-inline\" for=\"wpforms-2876-field_4_2\">50-200 employ\u00e9s<\/label><\/li><li class=\"choice-3 depth-1\"><input type=\"radio\" id=\"wpforms-2876-field_4_3\" name=\"wpforms[fields][4]\" value=\"201 - 1000 employ\u00e9s\"  ><label class=\"wpforms-field-label-inline\" for=\"wpforms-2876-field_4_3\">201 &#8211; 1000 employ\u00e9s<\/label><\/li><li class=\"choice-4 depth-1\"><input type=\"radio\" id=\"wpforms-2876-field_4_4\" name=\"wpforms[fields][4]\" value=\"plus de 1000 employ\u00e9s\"  ><label class=\"wpforms-field-label-inline\" for=\"wpforms-2876-field_4_4\">plus de 1000 employ\u00e9s<\/label><\/li><\/ul><\/div><div id=\"wpforms-2876-field_5-container\" class=\"wpforms-field wpforms-field-textarea\" data-field-id=\"5\"><label class=\"wpforms-field-label\" for=\"wpforms-2876-field_5\">Autres suggestions et souhaits<\/label><textarea id=\"wpforms-2876-field_5\" class=\"wpforms-field-medium\" name=\"wpforms[fields][5]\" ><\/textarea><\/div><\/div><!-- .wpforms-field-container --><div class=\"wpforms-submit-container\" ><input type=\"hidden\" name=\"wpforms[id]\" value=\"2876\"><input type=\"hidden\" name=\"page_title\" value=\"\"><input type=\"hidden\" name=\"page_url\" value=\"https:\/\/www.staffice.app\/fr\/wp-json\/wp\/v2\/pages\/2913\"><input type=\"hidden\" name=\"url_referer\" value=\"\"><button type=\"submit\" name=\"wpforms[submit]\" id=\"wpforms-submit-2876\" class=\"wpforms-submit\" data-alt-text=\"Merci beaucoup ! Vos r\u00e9ponses seront transmises\" data-submit-text=\"Envoyer...\" aria-live=\"assertive\" value=\"wpforms-submit\">Envoyer&#8230;<\/button><img decoding=\"async\" loading=\"lazy\" src=\"https:\/\/www.staffice.app\/wp-content\/plugins\/wpforms\/assets\/images\/submit-spin.svg\" class=\"wpforms-submit-spinner\" style=\"display: none;\" width=\"26\" height=\"26\" alt=\"Chargement en cours\"><\/div><\/form><\/div>  <!-- .wpforms-container --><\/div>\n<\/div>\n\n<div class=\"wp-block-group alignfull pt__12 pb__10 has-global-padding is-layout-constrained wp-block-group-is-layout-constrained\">\n<div class=\"wp-block-uagb-container uagb-block-cf2db374 alignfull uagb-is-root-container\"><div class=\"uagb-container__shape uagb-container__shape-top uagb-container__shape-flip\"><svg xmlns=\"https:\/\/www.w3.org\/2000\/svg\" viewBox=\"0 0 283.5 27.8\" preserveAspectRatio=\"none\"><path class=\"uagb-container__shape-fill\" d=\"M283.5,9.7c0,0-7.3,4.3-14,4.6c-6.8,0.3-12.6,0-20.9-1.5c-11.3-2-33.1-10.1-44.7-5.7\ts-12.1,4.6-18,7.4c-6.6,3.2-20,9.6-36.6,9.3C131.6,23.5,99.5,7.2,86.3,8c-1.4,0.1-6.6,0.8-10.5,2c-3.8,1.2-9.4,3.8-17,4.7\tc-3.2,0.4-8.3,1.1-14.2,0.9c-1.5-0.1-6.3-0.4-12-1.6c-5.7-1.2-11-3.1-15.8-3.7C6.5,9.2,0,10.8,0,10.8V0h283.5V9.7z M260.8,11.3\tc-0.7-1-2-0.4-4.3-0.4c-2.3,0-6.1-1.2-5.8-1.1c0.3,0.1,3.1,1.5,6,1.9C259.7,12.2,261.4,12.3,260.8,11.3z M242.4,8.6\tc0,0-2.4-0.2-5.6-0.9c-3.2-0.8-10.3-2.8-15.1-3.5c-8.2-1.1-15.8,0-15.1,0.1c0.8,0.1,9.6-0.6,17.6,1.1c3.3,0.7,9.3,2.2,12.4,2.7\tC239.9,8.7,242.4,8.6,242.4,8.6z M185.2,8.5c1.7-0.7-13.3,4.7-18.5,6.1c-2.1,0.6-6.2,1.6-10,2c-3.9,0.4-8.9,0.4-8.8,0.5\tc0,0.2,5.8,0.8,11.2,0c5.4-0.8,5.2-1.1,7.6-1.6C170.5,14.7,183.5,9.2,185.2,8.5z M199.1,6.9c0.2,0-0.8-0.4-4.8,1.1\tc-4,1.5-6.7,3.5-6.9,3.7c-0.2,0.1,3.5-1.8,6.6-3C197,7.5,199,6.9,199.1,6.9z M283,6c-0.1,0.1-1.9,1.1-4.8,2.5s-6.9,2.8-6.7,2.7\tc0.2,0,3.5-0.6,7.4-2.5C282.8,6.8,283.1,5.9,283,6z M31.3,11.6c0.1-0.2-1.9-0.2-4.5-1.2s-5.4-1.6-7.8-2C15,7.6,7.3,8.5,7.7,8.6\tC8,8.7,15.9,8.3,20.2,9.3c2.2,0.5,2.4,0.5,5.7,1.6S31.2,11.9,31.3,11.6z M73,9.2c0.4-0.1,3.5-1.6,8.4-2.6c4.9-1.1,8.9-0.5,8.9-0.8\tc0-0.3-1-0.9-6.2-0.3S72.6,9.3,73,9.2z M71.6,6.7C71.8,6.8,75,5.4,77.3,5c2.3-0.3,1.9-0.5,1.9-0.6c0-0.1-1.1-0.2-2.7,0.2\tC74.8,5.1,71.4,6.6,71.6,6.7z M93.6,4.4c0.1,0.2,3.5,0.8,5.6,1.8c2.1,1,1.8,0.6,1.9,0.5c0.1-0.1-0.8-0.8-2.4-1.3\tC97.1,4.8,93.5,4.2,93.6,4.4z M65.4,11.1c-0.1,0.3,0.3,0.5,1.9-0.2s2.6-1.3,2.2-1.2s-0.9,0.4-2.5,0.8C65.3,10.9,65.5,10.8,65.4,11.1\tz M34.5,12.4c-0.2,0,2.1,0.8,3.3,0.9c1.2,0.1,2,0.1,2-0.2c0-0.3-0.1-0.5-1.6-0.4C36.6,12.8,34.7,12.4,34.5,12.4z M152.2,21.1\tc-0.1,0.1-2.4-0.3-7.5-0.3c-5,0-13.6-2.4-17.2-3.5c-3.6-1.1,10,3.9,16.5,4.1C150.5,21.6,152.3,21,152.2,21.1z\"><\/path><path class=\"uagb-container__shape-fill\" d=\"M269.6,18c-0.1-0.1-4.6,0.3-7.2,0c-7.3-0.7-17-3.2-16.6-2.9c0.4,0.3,13.7,3.1,17,3.3\tC267.7,18.8,269.7,18,269.6,18z\"><\/path><path class=\"uagb-container__shape-fill\" d=\"M227.4,9.8c-0.2-0.1-4.5-1-9.5-1.2c-5-0.2-12.7,0.6-12.3,0.5c0.3-0.1,5.9-1.8,13.3-1.2\tS227.6,9.9,227.4,9.8z\"><\/path><path class=\"uagb-container__shape-fill\" d=\"M204.5,13.4c-0.1-0.1,2-1,3.2-1.1c1.2-0.1,2,0,2,0.3c0,0.3-0.1,0.5-1.6,0.4\tC206.4,12.9,204.6,13.5,204.5,13.4z\"><\/path><path class=\"uagb-container__shape-fill\" d=\"M201,10.6c0-0.1-4.4,1.2-6.3,2.2c-1.9,0.9-6.2,3.1-6.1,3.1c0.1,0.1,4.2-1.6,6.3-2.6\tS201,10.7,201,10.6z\"><\/path><path class=\"uagb-container__shape-fill\" d=\"M154.5,26.7c-0.1-0.1-4.6,0.3-7.2,0c-7.3-0.7-17-3.2-16.6-2.9c0.4,0.3,13.7,3.1,17,3.3\tC152.6,27.5,154.6,26.8,154.5,26.7z\"><\/path><path class=\"uagb-container__shape-fill\" d=\"M41.9,19.3c0,0,1.2-0.3,2.9-0.1c1.7,0.2,5.8,0.9,8.2,0.7c4.2-0.4,7.4-2.7,7-2.6\tc-0.4,0-4.3,2.2-8.6,1.9c-1.8-0.1-5.1-0.5-6.7-0.4S41.9,19.3,41.9,19.3z\"><\/path><path class=\"uagb-container__shape-fill\" d=\"M75.5,12.6c0.2,0.1,2-0.8,4.3-1.1c2.3-0.2,2.1-0.3,2.1-0.5c0-0.1-1.8-0.4-3.4,0\tC76.9,11.5,75.3,12.5,75.5,12.6z\"><\/path><path class=\"uagb-container__shape-fill\" d=\"M15.6,13.2c0-0.1,4.3,0,6.7,0.5c2.4,0.5,5,1.9,5,2c0,0.1-2.7-0.8-5.1-1.4\tC19.9,13.7,15.7,13.3,15.6,13.2z\"><\/path><\/svg><\/div>\n<div style=\"height:200px\" aria-hidden=\"true\" class=\"wp-block-spacer\"><\/div>\n\n\n\n<div class=\"wp-block-ainoblocks-grid-container alignwide ab-grid-block\">\n<div class=\"wp-block-ainoblocks-grid-item col_start_d__3 col_end_d__11 col_start_t__1 col_end_t__13 col_start_m__1 col_end_m__13 no-stacking\">\n<div class=\"wp-block-group has-global-padding is-layout-constrained wp-container-5 wp-block-group-is-layout-constrained\">\n<h2 class=\"wp-block-heading has-text-align-center has-background-primary-color has-text-color has-text-xxxl-font-size pt__10 pb__5\">Organiser une d\u00e9mo<\/h2>\n\n\n\n<p class=\"has-text-align-center has-background-primary-color has-text-color pb__9\" style=\"font-style:normal;font-weight:600\">Choisissez une date et recevez de nombreuses id\u00e9es pr\u00e9cieuses pour votre entreprise<\/p>\n\n\n\n<p class=\"has-text-align-center has-background-primary-color has-text-color pb__9\">Une d\u00e9monstration en ligne sans engagement vous permettra de mieux conna\u00eetre Staffice et nos sp\u00e9cialistes vous apporteront leur soutien en vous fournissant de nombreuses informations utiles sur les th\u00e8mes de la communication interne, de l&rsquo;optimisation des processus et des flux de travail ainsi que de la marque employeur.<\/p>\n\n\n<iframe src=\"https:\/\/www.staffice.app\/fr\/wp-json\/ssa\/v1\/embed-inner?integration&type=staffice-demo&label&types=1&edit&view&payment_provider&ssa_locale=fr_FR&ssa_is_rtl&sid=914ba7139f6b90fbe182794689d1f2afdedbb646&availability_start_date&availability_end_date&suggest_first_available&suggest_first_available_within_minutes&flow&fallback_flow&time_view&date_view&appointment_types_view&version&accent_color&background&padding&font&booking_url=https%3A%2F%2Fwww.staffice.app%2Ffr%2Fenquete-sur-lapplication-modele%2F&booking_post_id=2913&booking_title=Enqu%C3%AAte+sur+l%26rsquo%3Bapplication+mod%C3%A8le&_wpnonce=3ceb15aaa4&redirect_post_id&defer&hide_header&mepr_membership_id#\/\" height=\"400px\" width=\"100%\" name=\"ssa_booking\" loading=\"eager\" frameborder=\"0\" data-skip-lazy=\"1\" class=\"ssa_booking_iframe skip-lazy\" title=\"R\u00e9servez une heure\"><\/iframe>\n<\/div>\n<\/div>\n<\/div>\n\n\n\n<div style=\"height:200px\" aria-hidden=\"true\" class=\"wp-block-spacer\"><\/div>\n<div class=\"uagb-container__shape uagb-container__shape-bottom uagb-container__shape-flip uagb-container__invert\" data-negative=\"false\"><svg xmlns=\"https:\/\/www.w3.org\/2000\/svg\" viewBox=\"0 0 283.5 27.8\" preserveAspectRatio=\"none\"><path class=\"uagb-container__shape-fill\" d=\"M283.5,9.7c0,0-7.3,4.3-14,4.6c-6.8,0.3-12.6,0-20.9-1.5c-11.3-2-33.1-10.1-44.7-5.7\ts-12.1,4.6-18,7.4c-6.6,3.2-20,9.6-36.6,9.3C131.6,23.5,99.5,7.2,86.3,8c-1.4,0.1-6.6,0.8-10.5,2c-3.8,1.2-9.4,3.8-17,4.7\tc-3.2,0.4-8.3,1.1-14.2,0.9c-1.5-0.1-6.3-0.4-12-1.6c-5.7-1.2-11-3.1-15.8-3.7C6.5,9.2,0,10.8,0,10.8V0h283.5V9.7z M260.8,11.3\tc-0.7-1-2-0.4-4.3-0.4c-2.3,0-6.1-1.2-5.8-1.1c0.3,0.1,3.1,1.5,6,1.9C259.7,12.2,261.4,12.3,260.8,11.3z M242.4,8.6\tc0,0-2.4-0.2-5.6-0.9c-3.2-0.8-10.3-2.8-15.1-3.5c-8.2-1.1-15.8,0-15.1,0.1c0.8,0.1,9.6-0.6,17.6,1.1c3.3,0.7,9.3,2.2,12.4,2.7\tC239.9,8.7,242.4,8.6,242.4,8.6z M185.2,8.5c1.7-0.7-13.3,4.7-18.5,6.1c-2.1,0.6-6.2,1.6-10,2c-3.9,0.4-8.9,0.4-8.8,0.5\tc0,0.2,5.8,0.8,11.2,0c5.4-0.8,5.2-1.1,7.6-1.6C170.5,14.7,183.5,9.2,185.2,8.5z M199.1,6.9c0.2,0-0.8-0.4-4.8,1.1\tc-4,1.5-6.7,3.5-6.9,3.7c-0.2,0.1,3.5-1.8,6.6-3C197,7.5,199,6.9,199.1,6.9z M283,6c-0.1,0.1-1.9,1.1-4.8,2.5s-6.9,2.8-6.7,2.7\tc0.2,0,3.5-0.6,7.4-2.5C282.8,6.8,283.1,5.9,283,6z M31.3,11.6c0.1-0.2-1.9-0.2-4.5-1.2s-5.4-1.6-7.8-2C15,7.6,7.3,8.5,7.7,8.6\tC8,8.7,15.9,8.3,20.2,9.3c2.2,0.5,2.4,0.5,5.7,1.6S31.2,11.9,31.3,11.6z M73,9.2c0.4-0.1,3.5-1.6,8.4-2.6c4.9-1.1,8.9-0.5,8.9-0.8\tc0-0.3-1-0.9-6.2-0.3S72.6,9.3,73,9.2z M71.6,6.7C71.8,6.8,75,5.4,77.3,5c2.3-0.3,1.9-0.5,1.9-0.6c0-0.1-1.1-0.2-2.7,0.2\tC74.8,5.1,71.4,6.6,71.6,6.7z M93.6,4.4c0.1,0.2,3.5,0.8,5.6,1.8c2.1,1,1.8,0.6,1.9,0.5c0.1-0.1-0.8-0.8-2.4-1.3\tC97.1,4.8,93.5,4.2,93.6,4.4z M65.4,11.1c-0.1,0.3,0.3,0.5,1.9-0.2s2.6-1.3,2.2-1.2s-0.9,0.4-2.5,0.8C65.3,10.9,65.5,10.8,65.4,11.1\tz M34.5,12.4c-0.2,0,2.1,0.8,3.3,0.9c1.2,0.1,2,0.1,2-0.2c0-0.3-0.1-0.5-1.6-0.4C36.6,12.8,34.7,12.4,34.5,12.4z M152.2,21.1\tc-0.1,0.1-2.4-0.3-7.5-0.3c-5,0-13.6-2.4-17.2-3.5c-3.6-1.1,10,3.9,16.5,4.1C150.5,21.6,152.3,21,152.2,21.1z\"><\/path><path class=\"uagb-container__shape-fill\" d=\"M269.6,18c-0.1-0.1-4.6,0.3-7.2,0c-7.3-0.7-17-3.2-16.6-2.9c0.4,0.3,13.7,3.1,17,3.3\tC267.7,18.8,269.7,18,269.6,18z\"><\/path><path class=\"uagb-container__shape-fill\" d=\"M227.4,9.8c-0.2-0.1-4.5-1-9.5-1.2c-5-0.2-12.7,0.6-12.3,0.5c0.3-0.1,5.9-1.8,13.3-1.2\tS227.6,9.9,227.4,9.8z\"><\/path><path class=\"uagb-container__shape-fill\" d=\"M204.5,13.4c-0.1-0.1,2-1,3.2-1.1c1.2-0.1,2,0,2,0.3c0,0.3-0.1,0.5-1.6,0.4\tC206.4,12.9,204.6,13.5,204.5,13.4z\"><\/path><path class=\"uagb-container__shape-fill\" d=\"M201,10.6c0-0.1-4.4,1.2-6.3,2.2c-1.9,0.9-6.2,3.1-6.1,3.1c0.1,0.1,4.2-1.6,6.3-2.6\tS201,10.7,201,10.6z\"><\/path><path class=\"uagb-container__shape-fill\" d=\"M154.5,26.7c-0.1-0.1-4.6,0.3-7.2,0c-7.3-0.7-17-3.2-16.6-2.9c0.4,0.3,13.7,3.1,17,3.3\tC152.6,27.5,154.6,26.8,154.5,26.7z\"><\/path><path class=\"uagb-container__shape-fill\" d=\"M41.9,19.3c0,0,1.2-0.3,2.9-0.1c1.7,0.2,5.8,0.9,8.2,0.7c4.2-0.4,7.4-2.7,7-2.6\tc-0.4,0-4.3,2.2-8.6,1.9c-1.8-0.1-5.1-0.5-6.7-0.4S41.9,19.3,41.9,19.3z\"><\/path><path class=\"uagb-container__shape-fill\" d=\"M75.5,12.6c0.2,0.1,2-0.8,4.3-1.1c2.3-0.2,2.1-0.3,2.1-0.5c0-0.1-1.8-0.4-3.4,0\tC76.9,11.5,75.3,12.5,75.5,12.6z\"><\/path><path class=\"uagb-container__shape-fill\" d=\"M15.6,13.2c0-0.1,4.3,0,6.7,0.5c2.4,0.5,5,1.9,5,2c0,0.1-2.7-0.8-5.1-1.4\tC19.9,13.7,15.7,13.3,15.6,13.2z\"><\/path><\/svg><\/div><\/div>\n<\/div>\n","protected":false},"excerpt":{"rendered":"","protected":false},"author":2,"featured_media":2874,"parent":0,"menu_order":0,"comment_status":"closed","ping_status":"closed","template":"","meta":{"_uag_custom_page_level_css":"","footnotes":""},"yoast_head":"<!-- This site is optimized with the Yoast SEO plugin v21.8 - https:\/\/yoast.com\/wordpress\/plugins\/seo\/ -->\n<title>Enqu\u00eate sur l&#039;application mod\u00e8le | Staffice Mitarbeiter-App<\/title>\n<meta name=\"description\" content=\"Participez \u00e0 notre courte enqu\u00eate et contribuez \u00e0 fa\u00e7onner Staffice selon vos souhaits !\" \/>\n<meta name=\"robots\" content=\"index, follow, max-snippet:-1, max-image-preview:large, max-video-preview:-1\" \/>\n<link rel=\"canonical\" href=\"https:\/\/www.staffice.app\/fr\/enquete-sur-lapplication-modele\/\" \/>\n<meta property=\"og:locale\" content=\"fr_FR\" \/>\n<meta property=\"og:type\" content=\"article\" \/>\n<meta property=\"og:title\" content=\"Enqu\u00eate sur l&#039;application mod\u00e8le | Staffice Mitarbeiter-App\" \/>\n<meta property=\"og:description\" content=\"Participez \u00e0 notre courte enqu\u00eate et contribuez \u00e0 fa\u00e7onner Staffice selon vos souhaits !\" \/>\n<meta property=\"og:url\" content=\"https:\/\/www.staffice.app\/fr\/enquete-sur-lapplication-modele\/\" \/>\n<meta property=\"og:site_name\" content=\"Staffice Mitarbeiter-App\" \/>\n<meta property=\"article:modified_time\" content=\"2023-06-07T12:18:16+00:00\" \/>\n<meta property=\"og:image\" content=\"https:\/\/www.staffice.app\/wp-content\/uploads\/2023\/03\/zufriedenheitsumfrage_en-1.png\" \/>\n\t<meta property=\"og:image:width\" content=\"769\" \/>\n\t<meta property=\"og:image:height\" content=\"674\" \/>\n\t<meta property=\"og:image:type\" content=\"image\/png\" \/>\n<meta name=\"twitter:card\" content=\"summary_large_image\" \/>\n<meta name=\"twitter:label1\" content=\"Dur\u00e9e de lecture estim\u00e9e\" \/>\n\t<meta name=\"twitter:data1\" content=\"1 minute\" \/>\n<script type=\"application\/ld+json\" class=\"yoast-schema-graph\">{\"@context\":\"https:\/\/schema.org\",\"@graph\":[{\"@type\":\"WebPage\",\"@id\":\"https:\/\/www.staffice.app\/fr\/enquete-sur-lapplication-modele\/\",\"url\":\"https:\/\/www.staffice.app\/fr\/enquete-sur-lapplication-modele\/\",\"name\":\"Enqu\u00eate sur l'application mod\u00e8le | Staffice Mitarbeiter-App\",\"isPartOf\":{\"@id\":\"https:\/\/www.staffice.app\/fr\/#website\"},\"datePublished\":\"2023-03-10T05:41:13+00:00\",\"dateModified\":\"2023-06-07T12:18:16+00:00\",\"description\":\"Participez \u00e0 notre courte enqu\u00eate et contribuez \u00e0 fa\u00e7onner Staffice selon vos souhaits !\",\"breadcrumb\":{\"@id\":\"https:\/\/www.staffice.app\/fr\/enquete-sur-lapplication-modele\/#breadcrumb\"},\"inLanguage\":\"fr-FR\",\"potentialAction\":[{\"@type\":\"ReadAction\",\"target\":[\"https:\/\/www.staffice.app\/fr\/enquete-sur-lapplication-modele\/\"]}]},{\"@type\":\"BreadcrumbList\",\"@id\":\"https:\/\/www.staffice.app\/fr\/enquete-sur-lapplication-modele\/#breadcrumb\",\"itemListElement\":[{\"@type\":\"ListItem\",\"position\":1,\"name\":\"Startseite\",\"item\":\"https:\/\/www.staffice.app\/fr\/\"},{\"@type\":\"ListItem\",\"position\":2,\"name\":\"Enqu\u00eate sur l&#8217;application mod\u00e8le\"}]},{\"@type\":\"WebSite\",\"@id\":\"https:\/\/www.staffice.app\/fr\/#website\",\"url\":\"https:\/\/www.staffice.app\/fr\/\",\"name\":\"Staffice Mitarbeiter-App\",\"description\":\"\",\"publisher\":{\"@id\":\"https:\/\/www.staffice.app\/fr\/#organization\"},\"potentialAction\":[{\"@type\":\"SearchAction\",\"target\":{\"@type\":\"EntryPoint\",\"urlTemplate\":\"https:\/\/www.staffice.app\/fr\/?s={search_term_string}\"},\"query-input\":\"required name=search_term_string\"}],\"inLanguage\":\"fr-FR\"},{\"@type\":\"Organization\",\"@id\":\"https:\/\/www.staffice.app\/fr\/#organization\",\"name\":\"Staffice\",\"url\":\"https:\/\/www.staffice.app\/fr\/\",\"logo\":{\"@type\":\"ImageObject\",\"inLanguage\":\"fr-FR\",\"@id\":\"https:\/\/www.staffice.app\/fr\/#\/schema\/logo\/image\/\",\"url\":\"https:\/\/www.staffice.app\/wp-content\/uploads\/2023\/02\/staffice_logo.webp\",\"contentUrl\":\"https:\/\/www.staffice.app\/wp-content\/uploads\/2023\/02\/staffice_logo.webp\",\"width\":200,\"height\":58,\"caption\":\"Staffice\"},\"image\":{\"@id\":\"https:\/\/www.staffice.app\/fr\/#\/schema\/logo\/image\/\"}}]}<\/script>\n<!-- \/ Yoast SEO plugin. -->","yoast_head_json":{"title":"Enqu\u00eate sur l'application mod\u00e8le | Staffice Mitarbeiter-App","description":"Participez \u00e0 notre courte enqu\u00eate et contribuez \u00e0 fa\u00e7onner Staffice selon vos souhaits !","robots":{"index":"index","follow":"follow","max-snippet":"max-snippet:-1","max-image-preview":"max-image-preview:large","max-video-preview":"max-video-preview:-1"},"canonical":"https:\/\/www.staffice.app\/fr\/enquete-sur-lapplication-modele\/","og_locale":"fr_FR","og_type":"article","og_title":"Enqu\u00eate sur l'application mod\u00e8le | Staffice Mitarbeiter-App","og_description":"Participez \u00e0 notre courte enqu\u00eate et contribuez \u00e0 fa\u00e7onner Staffice selon vos souhaits !","og_url":"https:\/\/www.staffice.app\/fr\/enquete-sur-lapplication-modele\/","og_site_name":"Staffice Mitarbeiter-App","article_modified_time":"2023-06-07T12:18:16+00:00","og_image":[{"width":769,"height":674,"url":"https:\/\/www.staffice.app\/wp-content\/uploads\/2023\/03\/zufriedenheitsumfrage_en-1.png","type":"image\/png"}],"twitter_card":"summary_large_image","twitter_misc":{"Dur\u00e9e de lecture estim\u00e9e":"1 minute"},"schema":{"@context":"https:\/\/schema.org","@graph":[{"@type":"WebPage","@id":"https:\/\/www.staffice.app\/fr\/enquete-sur-lapplication-modele\/","url":"https:\/\/www.staffice.app\/fr\/enquete-sur-lapplication-modele\/","name":"Enqu\u00eate sur l'application mod\u00e8le | Staffice Mitarbeiter-App","isPartOf":{"@id":"https:\/\/www.staffice.app\/fr\/#website"},"datePublished":"2023-03-10T05:41:13+00:00","dateModified":"2023-06-07T12:18:16+00:00","description":"Participez \u00e0 notre courte enqu\u00eate et contribuez \u00e0 fa\u00e7onner Staffice selon vos souhaits !","breadcrumb":{"@id":"https:\/\/www.staffice.app\/fr\/enquete-sur-lapplication-modele\/#breadcrumb"},"inLanguage":"fr-FR","potentialAction":[{"@type":"ReadAction","target":["https:\/\/www.staffice.app\/fr\/enquete-sur-lapplication-modele\/"]}]},{"@type":"BreadcrumbList","@id":"https:\/\/www.staffice.app\/fr\/enquete-sur-lapplication-modele\/#breadcrumb","itemListElement":[{"@type":"ListItem","position":1,"name":"Startseite","item":"https:\/\/www.staffice.app\/fr\/"},{"@type":"ListItem","position":2,"name":"Enqu\u00eate sur l&#8217;application mod\u00e8le"}]},{"@type":"WebSite","@id":"https:\/\/www.staffice.app\/fr\/#website","url":"https:\/\/www.staffice.app\/fr\/","name":"Staffice Mitarbeiter-App","description":"","publisher":{"@id":"https:\/\/www.staffice.app\/fr\/#organization"},"potentialAction":[{"@type":"SearchAction","target":{"@type":"EntryPoint","urlTemplate":"https:\/\/www.staffice.app\/fr\/?s={search_term_string}"},"query-input":"required name=search_term_string"}],"inLanguage":"fr-FR"},{"@type":"Organization","@id":"https:\/\/www.staffice.app\/fr\/#organization","name":"Staffice","url":"https:\/\/www.staffice.app\/fr\/","logo":{"@type":"ImageObject","inLanguage":"fr-FR","@id":"https:\/\/www.staffice.app\/fr\/#\/schema\/logo\/image\/","url":"https:\/\/www.staffice.app\/wp-content\/uploads\/2023\/02\/staffice_logo.webp","contentUrl":"https:\/\/www.staffice.app\/wp-content\/uploads\/2023\/02\/staffice_logo.webp","width":200,"height":58,"caption":"Staffice"},"image":{"@id":"https:\/\/www.staffice.app\/fr\/#\/schema\/logo\/image\/"}}]}},"uagb_featured_image_src":{"full":["https:\/\/www.staffice.app\/wp-content\/uploads\/2023\/03\/zufriedenheitsumfrage_en-1.png",769,674,false],"thumbnail":["https:\/\/www.staffice.app\/wp-content\/uploads\/2023\/03\/zufriedenheitsumfrage_en-1-150x150.png",150,150,true],"medium":["https:\/\/www.staffice.app\/wp-content\/uploads\/2023\/03\/zufriedenheitsumfrage_en-1-300x263.png",300,263,true],"medium_large":["https:\/\/www.staffice.app\/wp-content\/uploads\/2023\/03\/zufriedenheitsumfrage_en-1.png",768,673,false],"large":["https:\/\/www.staffice.app\/wp-content\/uploads\/2023\/03\/zufriedenheitsumfrage_en-1.png",769,674,false],"1536x1536":["https:\/\/www.staffice.app\/wp-content\/uploads\/2023\/03\/zufriedenheitsumfrage_en-1.png",769,674,false],"2048x2048":["https:\/\/www.staffice.app\/wp-content\/uploads\/2023\/03\/zufriedenheitsumfrage_en-1.png",769,674,false]},"uagb_author_info":{"display_name":"Anne Ringburger","author_link":"https:\/\/www.staffice.app\/fr\/author\/anne\/"},"uagb_comment_info":0,"uagb_excerpt":null,"_links":{"self":[{"href":"https:\/\/www.staffice.app\/fr\/wp-json\/wp\/v2\/pages\/2913"}],"collection":[{"href":"https:\/\/www.staffice.app\/fr\/wp-json\/wp\/v2\/pages"}],"about":[{"href":"https:\/\/www.staffice.app\/fr\/wp-json\/wp\/v2\/types\/page"}],"author":[{"embeddable":true,"href":"https:\/\/www.staffice.app\/fr\/wp-json\/wp\/v2\/users\/2"}],"replies":[{"embeddable":true,"href":"https:\/\/www.staffice.app\/fr\/wp-json\/wp\/v2\/comments?post=2913"}],"version-history":[{"count":3,"href":"https:\/\/www.staffice.app\/fr\/wp-json\/wp\/v2\/pages\/2913\/revisions"}],"predecessor-version":[{"id":3381,"href":"https:\/\/www.staffice.app\/fr\/wp-json\/wp\/v2\/pages\/2913\/revisions\/3381"}],"wp:featuredmedia":[{"embeddable":true,"href":"https:\/\/www.staffice.app\/fr\/wp-json\/wp\/v2\/media\/2874"}],"wp:attachment":[{"href":"https:\/\/www.staffice.app\/fr\/wp-json\/wp\/v2\/media?parent=2913"}],"curies":[{"name":"wp","href":"https:\/\/api.w.org\/{rel}","templated":true}]}}