{"id":9060,"date":"2025-09-13T08:39:19","date_gmt":"2025-09-13T06:39:19","guid":{"rendered":"https:\/\/www.staffice.app\/?page_id=9060"},"modified":"2025-09-13T08:43:09","modified_gmt":"2025-09-13T06:43:09","slug":"briefkasten-2","status":"publish","type":"page","link":"https:\/\/www.staffice.app\/es\/briefkasten-2\/","title":{"rendered":"Buz\u00f3n Carpeta personal"},"content":{"rendered":"\n<div class=\"wp-block-group alignfull has-background-primary-background-color has-background pt__11 pb__11 is-layout-flow wp-block-group-is-layout-flow\">\n<div class=\"wp-block-ainoblocks-grid-container alignwide ab-grid-block\">\n<div class=\"wp-block-ainoblocks-grid-item col_start_d__2 col_end_d__7 col_start_t__2 col_end_t__12 col_start_m__2 col_end_m__12 align-self__center no-stacking pt__9 pb__9\">\n<h2 class=\"wp-block-heading has-text-xxxl-font-size pb__10\">Tu buz\u00f3n digital para todos tus documentos importantes.<\/h2>\n\n\n\n<p class=\"has-text-l-font-size pb__10\">Env\u00eda y recibe contratos, n\u00f3minas y otros documentos confidenciales cifrados de forma segura con tu aplicaci\u00f3n Staffice.<\/p>\n\n\n\n<div class=\"wp-block-uagb-buttons uagb-buttons__outer-wrap uagb-btn__default-btn uagb-btn-tablet__default-btn uagb-btn-mobile__default-btn uagb-block-b1784770\"><div class=\"uagb-buttons__wrap uagb-buttons-layout-wrap \">\n<div class=\"wp-block-uagb-buttons-child uagb-buttons__outer-wrap uagb-block-80c57d04 wp-block-button\"><div class=\"uagb-button__wrapper\"><a class=\"uagb-buttons-repeater wp-block-button__link\" aria-label=\"\" href=\"#readmore\" rel=\"follow noopener\" target=\"_self\" role=\"button\"><div class=\"uagb-button__link\">Seguir leyendo<\/div><\/a><\/div><\/div>\n\n\n\n<div class=\"wp-block-uagb-buttons-child uagb-buttons__outer-wrap uagb-block-ec1f95a7 wp-block-button\"><div class=\"uagb-button__wrapper\"><a class=\"uagb-buttons-repeater wp-block-button__link\" aria-label=\"\" href=\"https:\/\/www.staffice.app\/es\/pruebe-ahora\/\" rel=\"follow noopener\" target=\"_self\" role=\"button\"><div class=\"uagb-button__link\">Pruebe ahora<\/div><\/a><\/div><\/div>\n<\/div><\/div>\n<\/div>\n\n\n\n<div class=\"wp-block-ainoblocks-grid-item col_start_d__8 col_end_d__12 col_start_t__2 col_end_t__12 col_start_m__2 col_end_m__12 as__m__center js__m__center no-stacking\">\n<figure class=\"wp-block-image size-full pt__8 pb__8\"><img decoding=\"async\" src=\"https:\/\/www.staffice.app\/wp-content\/uploads\/2025\/09\/Staffice_pers_Ordner_Header_EN-2.png\" alt=\"\" class=\"wp-image-8863\"\/><\/figure>\n<\/div>\n<\/div>\n<\/div>\n\n<div class=\"wp-block-group alignfull pt__12 pb__15 has-global-padding is-layout-constrained wp-block-group-is-layout-constrained\" id=\"readmore\">\n<div class=\"wp-block-ainoblocks-grid-container alignwide ab-grid-block pb__1\">\n<div class=\"wp-block-ainoblocks-grid-item col_start_d__2 col_end_d__6 col_start_t__4 col_end_t__9 col_start_m__2 col_end_m__12 align-self__center justify-self__center no-stacking pb__1\">\n<div class=\"wp-block-ab-animate\" data-scroll-class=\"fadeInUp\">\n<figure class=\"wp-block-image size-full\"><img decoding=\"async\" loading=\"lazy\" width=\"740\" height=\"645\" src=\"https:\/\/www.staffice.app\/wp-content\/uploads\/2025\/09\/Staffice_pers_Ordner_Datenschutz.png\" alt=\"\" class=\"wp-image-8852\" srcset=\"https:\/\/www.staffice.app\/wp-content\/uploads\/2025\/09\/Staffice_pers_Ordner_Datenschutz.png 740w, https:\/\/www.staffice.app\/wp-content\/uploads\/2025\/09\/Staffice_pers_Ordner_Datenschutz-300x261.png 300w\" sizes=\"(max-width: 740px) 100vw, 740px\" \/><\/figure>\n<\/div>\n<\/div>\n\n\n\n<div class=\"wp-block-ainoblocks-grid-item col_start_d__7 col_end_d__12 col_start_t__2 col_end_t__12 col_start_m__2 col_end_m__12 align-self__center no-stacking\">\n<h2 class=\"wp-block-heading has-text-xxxl-font-size pb__10\">Seguridad, en la que usted puede confiar<\/h2>\n\n\n\n<p class=\"has-text-l-font-size pb__7\"><strong>Cifrado, fiable y conforme con el RGPD.<\/strong><\/p>\n\n\n\n<p>Los documentos importantes y confidenciales deben estar en buenas manos. El buz\u00f3n digital garantiza que solo las personas autorizadas puedan leer contenidos confidenciales, como contratos, n\u00f3minas o certificados, protegidos por el cifrado m\u00e1s avanzado. <\/p>\n<\/div>\n<\/div>\n<\/div>\n\n<div class=\"wp-block-group alignfull has-background pt__15 pb__15 has-global-padding is-layout-constrained wp-block-group-is-layout-constrained\" style=\"background-color:#0f253b\">\n<div class=\"wp-block-ainoblocks-grid-container alignwide ab-grid-block pb__1\">\n<div class=\"wp-block-ainoblocks-grid-item col_start_d__8 col_end_d__12 col_start_t__4 col_end_t__9 col_start_m__2 col_end_m__12 align-self__center justify-self__center no-stacking pb__1\">\n<div class=\"wp-block-ab-animate\" data-scroll-class=\"fadeInUp\">\n<figure class=\"wp-block-image size-full pt__8 pb__8\"><img decoding=\"async\" loading=\"lazy\" width=\"740\" height=\"645\" src=\"https:\/\/www.staffice.app\/wp-content\/uploads\/2025\/09\/Staffice_pers_Ordner_Komfort.png\" alt=\"\" class=\"wp-image-8848\" srcset=\"https:\/\/www.staffice.app\/wp-content\/uploads\/2025\/09\/Staffice_pers_Ordner_Komfort.png 740w, https:\/\/www.staffice.app\/wp-content\/uploads\/2025\/09\/Staffice_pers_Ordner_Komfort-300x261.png 300w\" sizes=\"(max-width: 740px) 100vw, 740px\" \/><\/figure>\n<\/div>\n<\/div>\n\n\n\n<div class=\"wp-block-ainoblocks-grid-item col_start_d__2 col_end_d__8 col_start_t__2 col_end_t__12 col_start_m__2 col_end_m__12 align-self__center no-stacking\">\n<h2 class=\"wp-block-heading has-background-primary-color has-text-color has-text-xxxl-font-size pb__10\"><strong>Comodidad para RR. HH. y administraci\u00f3n<\/strong><\/h2>\n\n\n\n<p class=\"has-background-primary-color has-text-color has-text-l-font-size pb__7\"><strong>Sencillo en el d\u00eda a d\u00eda, fuerte en la masa<\/strong><\/p>\n\n\n\n<p class=\"has-background-primary-color has-text-color\">Con la c\u00f3moda funci\u00f3n de carga masiva, todas las n\u00f3minas recopiladas se pueden cargar con solo unos clics y asignarse autom\u00e1ticamente a los empleados correspondientes, ya que es compatible con la mayor\u00eda de los servicios de n\u00f3minas habituales. Esto ahorra tiempo y garantiza procesos sin errores. <\/p>\n<\/div>\n<\/div>\n<\/div>\n\n<div class=\"wp-block-group alignfull pt__13 pb__12 has-global-padding is-layout-constrained wp-block-group-is-layout-constrained\">\n<div class=\"wp-block-ainoblocks-grid-container alignwide ab-grid-block pb__10\">\n<div class=\"wp-block-ainoblocks-grid-item col_start_d__2 col_end_d__7 col_start_t__4 col_end_t__9 col_start_m__2 col_end_m__12 align-self__center justify-self__center no-stacking pb__1\">\n<div class=\"wp-block-ab-animate\" data-scroll-class=\"fadeInUp\">\n<figure class=\"wp-block-image size-full\"><img decoding=\"async\" loading=\"lazy\" width=\"634\" height=\"600\" src=\"https:\/\/www.staffice.app\/wp-content\/uploads\/2025\/09\/Staffice_pers-Ordner-flexibel.png\" alt=\"\" class=\"wp-image-8857\" srcset=\"https:\/\/www.staffice.app\/wp-content\/uploads\/2025\/09\/Staffice_pers-Ordner-flexibel.png 634w, https:\/\/www.staffice.app\/wp-content\/uploads\/2025\/09\/Staffice_pers-Ordner-flexibel-300x284.png 300w\" sizes=\"(max-width: 634px) 100vw, 634px\" \/><\/figure>\n<\/div>\n<\/div>\n\n\n\n<div class=\"wp-block-ainoblocks-grid-item col_start_d__7 col_end_d__12 col_start_t__2 col_end_t__12 col_start_m__2 col_end_m__12 align-self__center no-stacking\">\n<h2 class=\"wp-block-heading has-text-xxxl-font-size pb__10\">Flexible e personalizado<\/h2>\n\n\n\n<p class=\"has-text-l-font-size pb__7\"><strong>Establezca usted, c\u00f3mo se utiliza el buz\u00f3n se.<\/strong><\/p>\n\n\n\n<p>Usted decide si el buz\u00f3n se utiliza de forma <strong>voluntaria<\/strong> u <strong>obligatoria<\/strong>. Adem\u00e1s, puede especificar si los documentos se pueden descargar <strong>varias veces o solo una vez<\/strong>, lo que resulta especialmente pr\u00e1ctico para contenidos sensibles, como contratos confidenciales o advertencias. <\/p>\n<\/div>\n<\/div>\n<\/div>\n\n<div class=\"wp-block-group alignfull has-background-secondary-background-color has-background pt__15 pb__1 is-layout-flow wp-block-group-is-layout-flow\">\n<div class=\"wp-block-group pb__15 is-layout-flow wp-block-group-is-layout-flow\">\n<h2 class=\"wp-block-heading has-text-align-center has-text-xxxl-font-size pt__10 pb__10 pl__5 pr__5\">Ahora Buz\u00f3n Configurar<\/h2>\n\n\n\n<div class=\"wp-block-uagb-buttons uagb-buttons__outer-wrap uagb-btn__default-btn uagb-btn-tablet__default-btn uagb-btn-mobile__default-btn uagb-block-c27231b6\"><div class=\"uagb-buttons__wrap uagb-buttons-layout-wrap \">\n<div class=\"wp-block-uagb-buttons-child uagb-buttons__outer-wrap uagb-block-4b5b0b79 wp-block-button\"><div class=\"uagb-button__wrapper\"><a class=\"uagb-buttons-repeater wp-block-button__link\" aria-label=\"\" href=\"https:\/\/www.staffice.app\/es\/?page_id=7047\" rel=\"follow noopener\" target=\"_self\" role=\"button\"><div class=\"uagb-button__link\">Planes y precios<\/div><\/a><\/div><\/div>\n\n\n\n<div class=\"wp-block-uagb-buttons-child uagb-buttons__outer-wrap uagb-block-8bccf7d4 wp-block-button\"><div class=\"uagb-button__wrapper\"><a class=\"uagb-buttons-repeater wp-block-button__link\" aria-label=\"\" href=\"https:\/\/www.staffice.app\/es\/pruebe-ahora\/#demo\" rel=\"follow noopener\" target=\"_self\" role=\"button\"><div class=\"uagb-button__link\">Organizar una manifestaci\u00f3n<\/div><\/a><\/div><\/div>\n<\/div><\/div>\n<\/div>\n<\/div>\n","protected":false},"excerpt":{"rendered":"<p>Ahora Buz\u00f3n Configurar<\/p>\n","protected":false},"author":2,"featured_media":8866,"parent":0,"menu_order":0,"comment_status":"closed","ping_status":"closed","template":"","meta":{"_uag_custom_page_level_css":"","footnotes":""},"yoast_head":"<!-- This site is optimized with the Yoast SEO plugin v21.8 - https:\/\/yoast.com\/wordpress\/plugins\/seo\/ -->\n<title>Buz\u00f3n Carpeta personal | Staffice Mitarbeiter-App<\/title>\n<meta name=\"description\" content=\"Env\u00ede y reciba sus n\u00f3minas, contratos y documentos sensibles documentos de forma segura cifrados con el buz\u00f3n en su aplicaci\u00f3n para empleados.\" \/>\n<meta name=\"robots\" content=\"index, follow, max-snippet:-1, max-image-preview:large, max-video-preview:-1\" \/>\n<link rel=\"canonical\" href=\"https:\/\/www.staffice.app\/es\/briefkasten-2\/\" \/>\n<meta property=\"og:locale\" content=\"es_ES\" \/>\n<meta property=\"og:type\" content=\"article\" \/>\n<meta property=\"og:title\" content=\"Su buz\u00f3n digital: seguro y confidencial\" \/>\n<meta property=\"og:description\" content=\"Con el m\u00f3dulo de buz\u00f3n enviar y recibir usted sensibles documentos como n\u00f3minas o contratos de forma cifrada, flexible y siempre disponible.\" \/>\n<meta property=\"og:url\" content=\"https:\/\/www.staffice.app\/es\/briefkasten-2\/\" \/>\n<meta property=\"og:site_name\" content=\"Staffice Mitarbeiter-App\" \/>\n<meta property=\"article:modified_time\" content=\"2025-09-13T06:43:09+00:00\" \/>\n<meta property=\"og:image\" content=\"https:\/\/www.staffice.app\/wp-content\/uploads\/2023\/02\/Staffice_Chat_02-1-300x300.webp\" \/>\n<meta name=\"twitter:card\" content=\"summary_large_image\" \/>\n<meta name=\"twitter:title\" content=\"Su buz\u00f3n digital: seguro y confidencial\" \/>\n<meta name=\"twitter:description\" content=\"Con el m\u00f3dulo de buz\u00f3n enviar y recibir usted sensibles documentos como n\u00f3minas o contratos de forma cifrada, flexible y siempre disponible.\" \/>\n<meta name=\"twitter:image\" content=\"https:\/\/www.staffice.app\/wp-content\/uploads\/2023\/02\/Staffice_Chat_02.jpg\" \/>\n<meta name=\"twitter:label1\" content=\"Tiempo de lectura\" \/>\n\t<meta name=\"twitter:data1\" content=\"1 minuto\" \/>\n<script type=\"application\/ld+json\" class=\"yoast-schema-graph\">{\"@context\":\"https:\/\/schema.org\",\"@graph\":[{\"@type\":\"WebPage\",\"@id\":\"https:\/\/www.staffice.app\/es\/briefkasten-2\/\",\"url\":\"https:\/\/www.staffice.app\/es\/briefkasten-2\/\",\"name\":\"Buz\u00f3n Carpeta personal | Staffice Mitarbeiter-App\",\"isPartOf\":{\"@id\":\"https:\/\/www.staffice.app\/es\/#website\"},\"datePublished\":\"2025-09-13T06:39:19+00:00\",\"dateModified\":\"2025-09-13T06:43:09+00:00\",\"description\":\"Env\u00ede y reciba sus n\u00f3minas, contratos y documentos sensibles documentos de forma segura cifrados con el buz\u00f3n en su aplicaci\u00f3n para empleados.\",\"breadcrumb\":{\"@id\":\"https:\/\/www.staffice.app\/es\/briefkasten-2\/#breadcrumb\"},\"inLanguage\":\"es\",\"potentialAction\":[{\"@type\":\"ReadAction\",\"target\":[\"https:\/\/www.staffice.app\/es\/briefkasten-2\/\"]}]},{\"@type\":\"BreadcrumbList\",\"@id\":\"https:\/\/www.staffice.app\/es\/briefkasten-2\/#breadcrumb\",\"itemListElement\":[{\"@type\":\"ListItem\",\"position\":1,\"name\":\"Startseite\",\"item\":\"https:\/\/www.staffice.app\/es\/\"},{\"@type\":\"ListItem\",\"position\":2,\"name\":\"Buz\u00f3n Carpeta personal\"}]},{\"@type\":\"WebSite\",\"@id\":\"https:\/\/www.staffice.app\/es\/#website\",\"url\":\"https:\/\/www.staffice.app\/es\/\",\"name\":\"Staffice Mitarbeiter-App\",\"description\":\"\",\"publisher\":{\"@id\":\"https:\/\/www.staffice.app\/es\/#organization\"},\"potentialAction\":[{\"@type\":\"SearchAction\",\"target\":{\"@type\":\"EntryPoint\",\"urlTemplate\":\"https:\/\/www.staffice.app\/es\/?s={search_term_string}\"},\"query-input\":\"required name=search_term_string\"}],\"inLanguage\":\"es\"},{\"@type\":\"Organization\",\"@id\":\"https:\/\/www.staffice.app\/es\/#organization\",\"name\":\"Staffice\",\"url\":\"https:\/\/www.staffice.app\/es\/\",\"logo\":{\"@type\":\"ImageObject\",\"inLanguage\":\"es\",\"@id\":\"https:\/\/www.staffice.app\/es\/#\/schema\/logo\/image\/\",\"url\":\"https:\/\/www.staffice.app\/wp-content\/uploads\/2023\/02\/staffice_logo.webp\",\"contentUrl\":\"https:\/\/www.staffice.app\/wp-content\/uploads\/2023\/02\/staffice_logo.webp\",\"width\":200,\"height\":58,\"caption\":\"Staffice\"},\"image\":{\"@id\":\"https:\/\/www.staffice.app\/es\/#\/schema\/logo\/image\/\"}}]}<\/script>\n<!-- \/ Yoast SEO plugin. -->","yoast_head_json":{"title":"Buz\u00f3n Carpeta personal | Staffice Mitarbeiter-App","description":"Env\u00ede y reciba sus n\u00f3minas, contratos y documentos sensibles documentos de forma segura cifrados con el buz\u00f3n en su aplicaci\u00f3n para empleados.","robots":{"index":"index","follow":"follow","max-snippet":"max-snippet:-1","max-image-preview":"max-image-preview:large","max-video-preview":"max-video-preview:-1"},"canonical":"https:\/\/www.staffice.app\/es\/briefkasten-2\/","og_locale":"es_ES","og_type":"article","og_title":"Su buz\u00f3n digital: seguro y confidencial","og_description":"Con el m\u00f3dulo de buz\u00f3n enviar y recibir usted sensibles documentos como n\u00f3minas o contratos de forma cifrada, flexible y siempre disponible.","og_url":"https:\/\/www.staffice.app\/es\/briefkasten-2\/","og_site_name":"Staffice Mitarbeiter-App","article_modified_time":"2025-09-13T06:43:09+00:00","og_image":[{"url":"https:\/\/www.staffice.app\/wp-content\/uploads\/2023\/02\/Staffice_Chat_02-1-300x300.webp"}],"twitter_card":"summary_large_image","twitter_title":"Su buz\u00f3n digital: seguro y confidencial","twitter_description":"Con el m\u00f3dulo de buz\u00f3n enviar y recibir usted sensibles documentos como n\u00f3minas o contratos de forma cifrada, flexible y siempre disponible.","twitter_image":"https:\/\/www.staffice.app\/wp-content\/uploads\/2023\/02\/Staffice_Chat_02.jpg","twitter_misc":{"Tiempo de lectura":"1 minuto"},"schema":{"@context":"https:\/\/schema.org","@graph":[{"@type":"WebPage","@id":"https:\/\/www.staffice.app\/es\/briefkasten-2\/","url":"https:\/\/www.staffice.app\/es\/briefkasten-2\/","name":"Buz\u00f3n Carpeta personal | Staffice Mitarbeiter-App","isPartOf":{"@id":"https:\/\/www.staffice.app\/es\/#website"},"datePublished":"2025-09-13T06:39:19+00:00","dateModified":"2025-09-13T06:43:09+00:00","description":"Env\u00ede y reciba sus n\u00f3minas, contratos y documentos sensibles documentos de forma segura cifrados con el buz\u00f3n en su aplicaci\u00f3n para empleados.","breadcrumb":{"@id":"https:\/\/www.staffice.app\/es\/briefkasten-2\/#breadcrumb"},"inLanguage":"es","potentialAction":[{"@type":"ReadAction","target":["https:\/\/www.staffice.app\/es\/briefkasten-2\/"]}]},{"@type":"BreadcrumbList","@id":"https:\/\/www.staffice.app\/es\/briefkasten-2\/#breadcrumb","itemListElement":[{"@type":"ListItem","position":1,"name":"Startseite","item":"https:\/\/www.staffice.app\/es\/"},{"@type":"ListItem","position":2,"name":"Buz\u00f3n Carpeta personal"}]},{"@type":"WebSite","@id":"https:\/\/www.staffice.app\/es\/#website","url":"https:\/\/www.staffice.app\/es\/","name":"Staffice Mitarbeiter-App","description":"","publisher":{"@id":"https:\/\/www.staffice.app\/es\/#organization"},"potentialAction":[{"@type":"SearchAction","target":{"@type":"EntryPoint","urlTemplate":"https:\/\/www.staffice.app\/es\/?s={search_term_string}"},"query-input":"required name=search_term_string"}],"inLanguage":"es"},{"@type":"Organization","@id":"https:\/\/www.staffice.app\/es\/#organization","name":"Staffice","url":"https:\/\/www.staffice.app\/es\/","logo":{"@type":"ImageObject","inLanguage":"es","@id":"https:\/\/www.staffice.app\/es\/#\/schema\/logo\/image\/","url":"https:\/\/www.staffice.app\/wp-content\/uploads\/2023\/02\/staffice_logo.webp","contentUrl":"https:\/\/www.staffice.app\/wp-content\/uploads\/2023\/02\/staffice_logo.webp","width":200,"height":58,"caption":"Staffice"},"image":{"@id":"https:\/\/www.staffice.app\/es\/#\/schema\/logo\/image\/"}}]}},"uagb_featured_image_src":{"full":["https:\/\/www.staffice.app\/wp-content\/uploads\/2025\/09\/Staffice_pers_Ordner_Header_EN-2.png",740,645,false],"thumbnail":["https:\/\/www.staffice.app\/wp-content\/uploads\/2025\/09\/Staffice_pers_Ordner_Header_EN-2-150x150.png",150,150,true],"medium":["https:\/\/www.staffice.app\/wp-content\/uploads\/2025\/09\/Staffice_pers_Ordner_Header_EN-2-300x261.png",300,261,true],"medium_large":["https:\/\/www.staffice.app\/wp-content\/uploads\/2025\/09\/Staffice_pers_Ordner_Header_EN-2.png",740,645,false],"large":["https:\/\/www.staffice.app\/wp-content\/uploads\/2025\/09\/Staffice_pers_Ordner_Header_EN-2.png",740,645,false],"1536x1536":["https:\/\/www.staffice.app\/wp-content\/uploads\/2025\/09\/Staffice_pers_Ordner_Header_EN-2.png",740,645,false],"2048x2048":["https:\/\/www.staffice.app\/wp-content\/uploads\/2025\/09\/Staffice_pers_Ordner_Header_EN-2.png",740,645,false]},"uagb_author_info":{"display_name":"Anne Ringburger","author_link":"https:\/\/www.staffice.app\/es\/author\/anne\/"},"uagb_comment_info":0,"uagb_excerpt":"Ahora Buz\u00f3n Configurar","_links":{"self":[{"href":"https:\/\/www.staffice.app\/es\/wp-json\/wp\/v2\/pages\/9060"}],"collection":[{"href":"https:\/\/www.staffice.app\/es\/wp-json\/wp\/v2\/pages"}],"about":[{"href":"https:\/\/www.staffice.app\/es\/wp-json\/wp\/v2\/types\/page"}],"author":[{"embeddable":true,"href":"https:\/\/www.staffice.app\/es\/wp-json\/wp\/v2\/users\/2"}],"replies":[{"embeddable":true,"href":"https:\/\/www.staffice.app\/es\/wp-json\/wp\/v2\/comments?post=9060"}],"version-history":[{"count":4,"href":"https:\/\/www.staffice.app\/es\/wp-json\/wp\/v2\/pages\/9060\/revisions"}],"predecessor-version":[{"id":9077,"href":"https:\/\/www.staffice.app\/es\/wp-json\/wp\/v2\/pages\/9060\/revisions\/9077"}],"wp:featuredmedia":[{"embeddable":true,"href":"https:\/\/www.staffice.app\/es\/wp-json\/wp\/v2\/media\/8866"}],"wp:attachment":[{"href":"https:\/\/www.staffice.app\/es\/wp-json\/wp\/v2\/media?parent=9060"}],"curies":[{"name":"wp","href":"https:\/\/api.w.org\/{rel}","templated":true}]}}