{"id":6210,"date":"2023-07-21T13:37:44","date_gmt":"2023-07-21T11:37:44","guid":{"rendered":"https:\/\/www.staffice.app\/solicitar-una-devolucion-de-llamada\/"},"modified":"2024-07-12T12:33:27","modified_gmt":"2024-07-12T10:33:27","slug":"solicitar-una-devolucion-de-llamada","status":"publish","type":"page","link":"https:\/\/www.staffice.app\/es\/solicitar-una-devolucion-de-llamada\/","title":{"rendered":"Solicitar una devoluci\u00f3n de llamada"},"content":{"rendered":"\n<div class=\"wp-block-group alignfull pt__1 pb__1 has-global-padding is-layout-constrained wp-block-group-is-layout-constrained\">\n<div class=\"wp-block-uagb-container uagb-block-b4ef9ccc alignfull uagb-is-root-container\">\n<div class=\"wp-block-ainoblocks-grid-container alignwide ab-grid-block pt__15 pb__15\">\n<div class=\"wp-block-ainoblocks-grid-item col_start_d__3 col_end_d__11 col_start_t__1 col_end_t__13 col_start_m__1 col_end_m__13 no-stacking\">\n<div class=\"wp-block-group has-global-padding is-layout-constrained wp-container-1 wp-block-group-is-layout-constrained\">\n<h2 class=\"wp-block-heading has-text-align-center has-background-primary-color has-text-color has-text-xxxl-font-size pt__10 pb__5\">Organizar una devoluci\u00f3n de llamada<\/h2>\n\n\n\n<p class=\"has-text-align-center has-background-primary-color has-text-color has-text-xl-font-size pb__9\" style=\"font-style:normal;font-weight:400\">Seleccione una cita y le llamaremos<\/p>\n\n\n\n<p class=\"has-text-align-center has-background-primary-color has-text-color pb__9\" style=\"font-style:normal;font-weight:300\">Si tiene alguna pregunta, necesita m\u00e1s informaci\u00f3n o desea tratar alg\u00fan asunto, no dude en ponerse en contacto con nosotros. Seleccione la fecha que prefiera y le llamaremos. <br\/><br\/>\u00a1Esperamos con inter\u00e9s la conversaci\u00f3n!<\/p>\n\n\n<iframe src=\"https:\/\/www.staffice.app\/es\/wp-json\/ssa\/v1\/embed-inner?integration&type=anruf&label&types=2&edit&view&payment_provider&ssa_locale=es_ES&ssa_is_rtl&sid=25326cb40b6784abef8bd9eb361f974eac0d8384&availability_start_date&availability_end_date&suggest_first_available&suggest_first_available_within_minutes&flow&fallback_flow&time_view&date_view&appointment_types_view&version&accent_color&background&padding&font&booking_url=https%3A%2F%2Fwww.staffice.app%2Fes%2Fsolicitar-una-devolucion-de-llamada%2F&booking_post_id=6210&booking_title=Solicitar+una+devoluci%C3%B3n+de+llamada&_wpnonce=a0256b2023&redirect_post_id&mepr_membership_id#\/\" height=\"400px\" width=\"100%\" name=\"ssa_booking\" loading=\"eager\" frameborder=\"0\" data-skip-lazy=\"1\" class=\"ssa_booking_iframe skip-lazy\" title=\"Reservar una hora\"><\/iframe>\n<\/div>\n<\/div>\n<\/div>\n<\/div>\n<\/div>\n\n<div class=\"wp-block-group alignfull has-background-primary-background-color has-background pt__15 pb__15 is-layout-flow wp-block-group-is-layout-flow\">\n<div class=\"wp-block-ab-animate\" data-scroll-class=\"fadeInUp\">\n<h2 class=\"wp-block-heading alignwide has-text-align-center has-text-xxxl-font-size pb__10\" style=\"line-height:1.5\">\u00bfProbar Staffice sin compromiso?<\/h2>\n\n\n\n<div class=\"wp-block-uagb-buttons uagb-buttons__outer-wrap uagb-btn__default-btn uagb-btn-tablet__default-btn uagb-btn-mobile__default-btn uagb-block-5985bbae\"><div class=\"uagb-buttons__wrap uagb-buttons-layout-wrap\">\n<div class=\"wp-block-uagb-buttons-child uagb-buttons__outer-wrap uagb-block-dcccbf21 wp-block-button\"><div class=\"uagb-button__wrapper\"><a class=\"uagb-buttons-repeater wp-block-button__link has-background has-text-color\" href=\"https:\/\/signup.staffice.de\/\" onclick=\"return true;\" rel=\"follow noopener\" target=\"_self\"><div class=\"uagb-button__link\">Comience ahora su mes de prueba gratuito<\/div><\/a><\/div><\/div>\n<\/div><\/div>\n<\/div>\n<\/div>\n","protected":false},"excerpt":{"rendered":"","protected":false},"author":2,"featured_media":0,"parent":0,"menu_order":0,"comment_status":"closed","ping_status":"closed","template":"","meta":{"_uag_custom_page_level_css":"","footnotes":""},"yoast_head":"<!-- This site is optimized with the Yoast SEO plugin v21.8 - https:\/\/yoast.com\/wordpress\/plugins\/seo\/ -->\n<title>Solicitar una devoluci\u00f3n de llamada | Staffice Mitarbeiter-App<\/title>\n<meta name=\"description\" content=\"Puede conocer Staffice en una demostraci\u00f3n en l\u00ednea sin compromiso y nuestros especialistas le ayudar\u00e1n con muchos conocimientos y aportaciones \u00fatiles.\" \/>\n<meta name=\"robots\" content=\"index, follow, max-snippet:-1, max-image-preview:large, max-video-preview:-1\" \/>\n<link rel=\"canonical\" href=\"https:\/\/www.staffice.app\/es\/solicitar-una-devolucion-de-llamada\/\" \/>\n<meta property=\"og:locale\" content=\"es_ES\" \/>\n<meta property=\"og:type\" content=\"article\" \/>\n<meta property=\"og:title\" content=\"Organizar una manifestaci\u00f3n\" \/>\n<meta property=\"og:description\" content=\"Puede conocer Staffice en una demostraci\u00f3n en l\u00ednea sin compromiso y nuestros especialistas le ayudar\u00e1n con muchos conocimientos y aportaciones \u00fatiles.\" \/>\n<meta property=\"og:url\" content=\"https:\/\/www.staffice.app\/es\/solicitar-una-devolucion-de-llamada\/\" \/>\n<meta property=\"og:site_name\" content=\"Staffice Mitarbeiter-App\" \/>\n<meta property=\"article:modified_time\" content=\"2024-07-12T10:33:27+00:00\" \/>\n<meta property=\"og:image\" content=\"https:\/\/www.staffice.app\/wp-content\/uploads\/2023\/02\/header_test-1-1024x583.jpg\" \/>\n<meta name=\"twitter:card\" content=\"summary_large_image\" \/>\n<meta name=\"twitter:title\" content=\"Organizar una manifestaci\u00f3n\" \/>\n<meta name=\"twitter:description\" content=\"Puede conocer Staffice en una demostraci\u00f3n en l\u00ednea sin compromiso y nuestros especialistas le ayudar\u00e1n con muchos conocimientos y aportaciones \u00fatiles.\" \/>\n<meta name=\"twitter:image\" content=\"https:\/\/www.staffice.app\/wp-content\/uploads\/2023\/02\/header_test-1.jpg\" \/>\n<script type=\"application\/ld+json\" class=\"yoast-schema-graph\">{\"@context\":\"https:\/\/schema.org\",\"@graph\":[{\"@type\":\"WebPage\",\"@id\":\"https:\/\/www.staffice.app\/es\/solicitar-una-devolucion-de-llamada\/\",\"url\":\"https:\/\/www.staffice.app\/es\/solicitar-una-devolucion-de-llamada\/\",\"name\":\"Solicitar una devoluci\u00f3n de llamada | Staffice Mitarbeiter-App\",\"isPartOf\":{\"@id\":\"https:\/\/www.staffice.app\/es\/#website\"},\"datePublished\":\"2023-07-21T11:37:44+00:00\",\"dateModified\":\"2024-07-12T10:33:27+00:00\",\"description\":\"Puede conocer Staffice en una demostraci\u00f3n en l\u00ednea sin compromiso y nuestros especialistas le ayudar\u00e1n con muchos conocimientos y aportaciones \u00fatiles.\",\"breadcrumb\":{\"@id\":\"https:\/\/www.staffice.app\/es\/solicitar-una-devolucion-de-llamada\/#breadcrumb\"},\"inLanguage\":\"es\",\"potentialAction\":[{\"@type\":\"ReadAction\",\"target\":[\"https:\/\/www.staffice.app\/es\/solicitar-una-devolucion-de-llamada\/\"]}]},{\"@type\":\"BreadcrumbList\",\"@id\":\"https:\/\/www.staffice.app\/es\/solicitar-una-devolucion-de-llamada\/#breadcrumb\",\"itemListElement\":[{\"@type\":\"ListItem\",\"position\":1,\"name\":\"Startseite\",\"item\":\"https:\/\/www.staffice.app\/es\/\"},{\"@type\":\"ListItem\",\"position\":2,\"name\":\"Solicitar una devoluci\u00f3n de llamada\"}]},{\"@type\":\"WebSite\",\"@id\":\"https:\/\/www.staffice.app\/es\/#website\",\"url\":\"https:\/\/www.staffice.app\/es\/\",\"name\":\"Staffice Mitarbeiter-App\",\"description\":\"\",\"publisher\":{\"@id\":\"https:\/\/www.staffice.app\/es\/#organization\"},\"potentialAction\":[{\"@type\":\"SearchAction\",\"target\":{\"@type\":\"EntryPoint\",\"urlTemplate\":\"https:\/\/www.staffice.app\/es\/?s={search_term_string}\"},\"query-input\":\"required name=search_term_string\"}],\"inLanguage\":\"es\"},{\"@type\":\"Organization\",\"@id\":\"https:\/\/www.staffice.app\/es\/#organization\",\"name\":\"Staffice\",\"url\":\"https:\/\/www.staffice.app\/es\/\",\"logo\":{\"@type\":\"ImageObject\",\"inLanguage\":\"es\",\"@id\":\"https:\/\/www.staffice.app\/es\/#\/schema\/logo\/image\/\",\"url\":\"https:\/\/www.staffice.app\/wp-content\/uploads\/2023\/02\/staffice_logo.webp\",\"contentUrl\":\"https:\/\/www.staffice.app\/wp-content\/uploads\/2023\/02\/staffice_logo.webp\",\"width\":200,\"height\":58,\"caption\":\"Staffice\"},\"image\":{\"@id\":\"https:\/\/www.staffice.app\/es\/#\/schema\/logo\/image\/\"}}]}<\/script>\n<!-- \/ Yoast SEO plugin. -->","yoast_head_json":{"title":"Solicitar una devoluci\u00f3n de llamada | Staffice Mitarbeiter-App","description":"Puede conocer Staffice en una demostraci\u00f3n en l\u00ednea sin compromiso y nuestros especialistas le ayudar\u00e1n con muchos conocimientos y aportaciones \u00fatiles.","robots":{"index":"index","follow":"follow","max-snippet":"max-snippet:-1","max-image-preview":"max-image-preview:large","max-video-preview":"max-video-preview:-1"},"canonical":"https:\/\/www.staffice.app\/es\/solicitar-una-devolucion-de-llamada\/","og_locale":"es_ES","og_type":"article","og_title":"Organizar una manifestaci\u00f3n","og_description":"Puede conocer Staffice en una demostraci\u00f3n en l\u00ednea sin compromiso y nuestros especialistas le ayudar\u00e1n con muchos conocimientos y aportaciones \u00fatiles.","og_url":"https:\/\/www.staffice.app\/es\/solicitar-una-devolucion-de-llamada\/","og_site_name":"Staffice Mitarbeiter-App","article_modified_time":"2024-07-12T10:33:27+00:00","og_image":[{"url":"https:\/\/www.staffice.app\/wp-content\/uploads\/2023\/02\/header_test-1-1024x583.jpg"}],"twitter_card":"summary_large_image","twitter_title":"Organizar una manifestaci\u00f3n","twitter_description":"Puede conocer Staffice en una demostraci\u00f3n en l\u00ednea sin compromiso y nuestros especialistas le ayudar\u00e1n con muchos conocimientos y aportaciones \u00fatiles.","twitter_image":"https:\/\/www.staffice.app\/wp-content\/uploads\/2023\/02\/header_test-1.jpg","schema":{"@context":"https:\/\/schema.org","@graph":[{"@type":"WebPage","@id":"https:\/\/www.staffice.app\/es\/solicitar-una-devolucion-de-llamada\/","url":"https:\/\/www.staffice.app\/es\/solicitar-una-devolucion-de-llamada\/","name":"Solicitar una devoluci\u00f3n de llamada | Staffice Mitarbeiter-App","isPartOf":{"@id":"https:\/\/www.staffice.app\/es\/#website"},"datePublished":"2023-07-21T11:37:44+00:00","dateModified":"2024-07-12T10:33:27+00:00","description":"Puede conocer Staffice en una demostraci\u00f3n en l\u00ednea sin compromiso y nuestros especialistas le ayudar\u00e1n con muchos conocimientos y aportaciones \u00fatiles.","breadcrumb":{"@id":"https:\/\/www.staffice.app\/es\/solicitar-una-devolucion-de-llamada\/#breadcrumb"},"inLanguage":"es","potentialAction":[{"@type":"ReadAction","target":["https:\/\/www.staffice.app\/es\/solicitar-una-devolucion-de-llamada\/"]}]},{"@type":"BreadcrumbList","@id":"https:\/\/www.staffice.app\/es\/solicitar-una-devolucion-de-llamada\/#breadcrumb","itemListElement":[{"@type":"ListItem","position":1,"name":"Startseite","item":"https:\/\/www.staffice.app\/es\/"},{"@type":"ListItem","position":2,"name":"Solicitar una devoluci\u00f3n de llamada"}]},{"@type":"WebSite","@id":"https:\/\/www.staffice.app\/es\/#website","url":"https:\/\/www.staffice.app\/es\/","name":"Staffice Mitarbeiter-App","description":"","publisher":{"@id":"https:\/\/www.staffice.app\/es\/#organization"},"potentialAction":[{"@type":"SearchAction","target":{"@type":"EntryPoint","urlTemplate":"https:\/\/www.staffice.app\/es\/?s={search_term_string}"},"query-input":"required name=search_term_string"}],"inLanguage":"es"},{"@type":"Organization","@id":"https:\/\/www.staffice.app\/es\/#organization","name":"Staffice","url":"https:\/\/www.staffice.app\/es\/","logo":{"@type":"ImageObject","inLanguage":"es","@id":"https:\/\/www.staffice.app\/es\/#\/schema\/logo\/image\/","url":"https:\/\/www.staffice.app\/wp-content\/uploads\/2023\/02\/staffice_logo.webp","contentUrl":"https:\/\/www.staffice.app\/wp-content\/uploads\/2023\/02\/staffice_logo.webp","width":200,"height":58,"caption":"Staffice"},"image":{"@id":"https:\/\/www.staffice.app\/es\/#\/schema\/logo\/image\/"}}]}},"uagb_featured_image_src":{"full":false,"thumbnail":false,"medium":false,"medium_large":false,"large":false,"1536x1536":false,"2048x2048":false},"uagb_author_info":{"display_name":"Anne Ringburger","author_link":"https:\/\/www.staffice.app\/es\/author\/anne\/"},"uagb_comment_info":0,"uagb_excerpt":null,"_links":{"self":[{"href":"https:\/\/www.staffice.app\/es\/wp-json\/wp\/v2\/pages\/6210"}],"collection":[{"href":"https:\/\/www.staffice.app\/es\/wp-json\/wp\/v2\/pages"}],"about":[{"href":"https:\/\/www.staffice.app\/es\/wp-json\/wp\/v2\/types\/page"}],"author":[{"embeddable":true,"href":"https:\/\/www.staffice.app\/es\/wp-json\/wp\/v2\/users\/2"}],"replies":[{"embeddable":true,"href":"https:\/\/www.staffice.app\/es\/wp-json\/wp\/v2\/comments?post=6210"}],"version-history":[{"count":1,"href":"https:\/\/www.staffice.app\/es\/wp-json\/wp\/v2\/pages\/6210\/revisions"}],"predecessor-version":[{"id":6212,"href":"https:\/\/www.staffice.app\/es\/wp-json\/wp\/v2\/pages\/6210\/revisions\/6212"}],"wp:attachment":[{"href":"https:\/\/www.staffice.app\/es\/wp-json\/wp\/v2\/media?parent=6210"}],"curies":[{"name":"wp","href":"https:\/\/api.w.org\/{rel}","templated":true}]}}