{"id":5357,"date":"2023-02-06T09:37:14","date_gmt":"2023-02-06T08:37:14","guid":{"rendered":"https:\/\/www.staffice.app\/registro-del-tiempo-de-trabajo\/"},"modified":"2025-06-20T08:49:11","modified_gmt":"2025-06-20T06:49:11","slug":"registro-del-tiempo-de-trabajo","status":"publish","type":"page","link":"https:\/\/www.staffice.app\/es\/registro-del-tiempo-de-trabajo\/","title":{"rendered":"Registro del tiempo de trabajo"},"content":{"rendered":"\n<div class=\"wp-block-group alignfull pb__10 is-layout-flow wp-block-group-is-layout-flow\">\n<div class=\"wp-block-ainoblocks-grid-container alignwide ab-grid-block\">\n<div class=\"wp-block-ainoblocks-grid-item col_start_d__7 col_end_d__13 col_start_t__2 col_end_t__12 col_start_m__2 col_end_m__12 no-stacking pb__10\">\n<figure class=\"wp-block-image size-large\"><img decoding=\"async\" loading=\"lazy\" width=\"1024\" height=\"689\" src=\"https:\/\/www.staffice.app\/wp-content\/uploads\/2023\/04\/staffice-zeiterfassung-header-1024x689.png\" alt=\"Mujer sonriente en su mesa al comienzo del trabajo\" class=\"wp-image-3105\" srcset=\"https:\/\/www.staffice.app\/wp-content\/uploads\/2023\/04\/staffice-zeiterfassung-header-1024x689.png 1024w, https:\/\/www.staffice.app\/wp-content\/uploads\/2023\/04\/staffice-zeiterfassung-header-300x202.png 300w, https:\/\/www.staffice.app\/wp-content\/uploads\/2023\/04\/staffice-zeiterfassung-header-768x517.png 768w, https:\/\/www.staffice.app\/wp-content\/uploads\/2023\/04\/staffice-zeiterfassung-header.png 1321w\" sizes=\"(max-width: 1024px) 100vw, 1024px\" \/><\/figure>\n<\/div>\n\n\n\n<div class=\"wp-block-ainoblocks-grid-item col_start_d__2 col_end_d__7 col_start_t__2 col_end_t__12 col_start_m__2 col_end_m__12 align-self__center no-stacking\">\n<h2 class=\"wp-block-heading has-text-xxxl-font-size pb__10\"><strong>Registro inteligente y favorable del tiempo<\/strong><\/h2>\n\n\n\n<p class=\"pb__10\">\u00bfBusca una soluci\u00f3n sencilla, r\u00e1pida y econ\u00f3mica para registrar su tiempo? Descubra ya la aplicaci\u00f3n para empleados de Staffice<\/p>\n\n\n\n<div class=\"wp-block-uagb-buttons uagb-buttons__outer-wrap uagb-btn__default-btn uagb-btn-tablet__default-btn uagb-btn-mobile__default-btn uagb-block-3100bdc6\"><div class=\"uagb-buttons__wrap uagb-buttons-layout-wrap \">\n<div class=\"wp-block-uagb-buttons-child uagb-buttons__outer-wrap uagb-block-6e07a733 wp-block-button\"><div class=\"uagb-button__wrapper\"><a class=\"uagb-buttons-repeater wp-block-button__link\" aria-label=\"\" href=\"https:\/\/www.staffice.app\/es\/pruebe-ahora\/\" rel=\"follow noopener\" target=\"_self\" role=\"button\"><div class=\"uagb-button__link\">Pru\u00e9belo ahora<\/div><\/a><\/div><\/div>\n<\/div><\/div>\n<\/div>\n<\/div>\n<\/div>\n\n<div class=\"wp-block-group alignfull has-background-secondary-background-color has-background pt__15 pb__1 has-global-padding is-layout-constrained wp-block-group-is-layout-constrained\" id=\"readmore\">\n<div class=\"wp-block-ainoblocks-grid-container alignwide ab-grid-block pb__15\">\n<div class=\"wp-block-ainoblocks-grid-item col_start_d__2 col_end_d__7 col_start_t__2 col_end_t__12 col_start_m__2 col_end_m__12 no-stacking pb__10\">\n<figure class=\"wp-block-image size-full\"><img decoding=\"async\" loading=\"lazy\" width=\"845\" height=\"775\" src=\"https:\/\/www.staffice.app\/wp-content\/uploads\/2023\/04\/zeiterfassung_01-DE.png\" alt=\"\" class=\"wp-image-3121\" srcset=\"https:\/\/www.staffice.app\/wp-content\/uploads\/2023\/04\/zeiterfassung_01-DE.png 845w, https:\/\/www.staffice.app\/wp-content\/uploads\/2023\/04\/zeiterfassung_01-DE-300x275.png 300w, https:\/\/www.staffice.app\/wp-content\/uploads\/2023\/04\/zeiterfassung_01-DE-768x704.png 768w\" sizes=\"(max-width: 845px) 100vw, 845px\" \/><\/figure>\n<\/div>\n\n\n\n<div class=\"wp-block-ainoblocks-grid-item col_start_d__8 col_end_d__13 col_start_t__2 col_end_t__12 col_start_m__2 col_end_m__12 align-self__center no-stacking\">\n<div class=\"wp-block-ab-animate\" data-scroll-class=\"fadeInRight\">\n<figure class=\"wp-block-image size-full is-resized\"><img decoding=\"async\" src=\"https:\/\/www.staffice.app\/wp-content\/uploads\/2023\/02\/ic_clock.webp\" alt=\"\" style=\"width:80px;height:87px\"\/><\/figure>\n\n\n\n<h3 class=\"wp-block-heading has-text-xxl-font-size pt__10 pb__10\"><strong><strong><strong>F\u00e1cil registro del tiempo a trav\u00e9s del smartphone<\/strong><\/strong><\/strong><\/h3>\n\n\n\n<p>En la oficina, sobre el terreno, en casa o en el taller: El smartphone est\u00e1 siempre y en todas partes con usted. <strong>Con su aplicaci\u00f3n para empleados Staffice, su tel\u00e9fono m\u00f3vil se convierte simplemente en un reloj de fichar digital.<\/strong><\/p>\n<\/div>\n<\/div>\n<\/div>\n<\/div>\n\n<div class=\"wp-block-group alignfull has-global-padding is-layout-constrained wp-block-group-is-layout-constrained\">\n<div class=\"wp-block-ainoblocks-grid-container alignwide ab-grid-block pt__15 pb__15\">\n<div class=\"wp-block-ainoblocks-grid-item col_start_d__7 col_end_d__12 col_start_t__2 col_end_t__12 col_start_m__2 col_end_m__12 no-stacking pb__10\">\n<div class=\"wp-block-ab-animate\" data-scroll-class=\"fadeIn\">\n<figure class=\"wp-block-image size-full\"><img decoding=\"async\" loading=\"lazy\" width=\"887\" height=\"725\" src=\"https:\/\/www.staffice.app\/wp-content\/uploads\/2023\/02\/zeiterfassung_02.webp\" alt=\"\" class=\"wp-image-664\" srcset=\"https:\/\/www.staffice.app\/wp-content\/uploads\/2023\/02\/zeiterfassung_02.webp 887w, https:\/\/www.staffice.app\/wp-content\/uploads\/2023\/02\/zeiterfassung_02-300x245.webp 300w, https:\/\/www.staffice.app\/wp-content\/uploads\/2023\/02\/zeiterfassung_02-768x628.webp 768w\" sizes=\"(max-width: 887px) 100vw, 887px\" \/><\/figure>\n<\/div>\n<\/div>\n\n\n\n<div class=\"wp-block-ainoblocks-grid-item col_start_d__2 col_end_d__6 col_start_t__2 col_end_t__12 col_start_m__2 col_end_m__12 align-self__center no-stacking\">\n<div class=\"wp-block-ab-animate\" data-scroll-class=\"fadeInLeft\" data-scroll-delay=\"100\">\n<h3 class=\"wp-block-heading has-text-xxl-font-size pb__10\"><strong><strong>Hojas de horas digitales: listas para su uso inmediato<\/strong><\/strong><\/h3>\n\n\n\n<div class=\"wp-block-ainoblocks-grid-container alignwide ab-grid-block\">\n<div class=\"wp-block-ainoblocks-grid-item col_start_d__1 col_end_d__3 col_start_t__1 col_end_t__3 col_start_m__1 col_end_m__3 no-stacking pb__5\">\n<figure class=\"wp-block-image alignleft size-full\"><img decoding=\"async\" loading=\"lazy\" width=\"87\" height=\"82\" src=\"https:\/\/www.staffice.app\/wp-content\/uploads\/2023\/02\/check02.png\" alt=\"\" class=\"wp-image-1251\"\/><\/figure>\n<\/div>\n\n\n\n<div class=\"wp-block-ainoblocks-grid-item col_start_d__3 col_end_d__13 col_start_t__3 col_end_t__13 col_start_m__3 col_end_m__13 no-stacking pb__5\">\n<p class=\"pl__1\">Olv\u00eddese de los costosos relojes de fichar y de los complejos sistemas de registro del tiempo. Basta con instalar la aplicaci\u00f3n para empleados Staffice y empezar a trabajar de inmediato.<\/p>\n<\/div>\n\n\n\n<div class=\"wp-block-ainoblocks-grid-item col_start_d__1 col_end_d__3 col_start_t__1 col_end_t__3 col_start_m__1 col_end_m__3 no-stacking\">\n<figure class=\"wp-block-image alignleft size-full\"><img decoding=\"async\" loading=\"lazy\" width=\"87\" height=\"82\" src=\"https:\/\/www.staffice.app\/wp-content\/uploads\/2023\/02\/check02.png\" alt=\"\" class=\"wp-image-1251\"\/><\/figure>\n<\/div>\n\n\n\n<div class=\"wp-block-ainoblocks-grid-item col_start_d__3 col_end_d__13 col_start_t__3 col_end_t__13 col_start_m__3 col_end_m__13 no-stacking\">\n<p class=\"pl__1\">Su departamento de RR. HH. puede exportar f\u00e1cilmente todos los datos y procesarlos digitalmente si es necesario.<\/p>\n<\/div>\n<\/div>\n<\/div>\n<\/div>\n<\/div>\n<\/div>\n\n<div class=\"wp-block-group alignfull has-background-secondary-background-color has-background has-global-padding is-layout-constrained wp-block-group-is-layout-constrained\">\n<div class=\"wp-block-ainoblocks-grid-container alignwide ab-grid-block pt__15 pb__15\">\n<div class=\"wp-block-ainoblocks-grid-item col_start_d__2 col_end_d__7 col_start_t__2 col_end_t__12 col_start_m__2 col_end_m__12 no-stacking pb__10\">\n<figure class=\"wp-block-image size-full\"><img decoding=\"async\" loading=\"lazy\" width=\"766\" height=\"577\" src=\"https:\/\/www.staffice.app\/wp-content\/uploads\/2023\/04\/zeiterfassung-04.png\" alt=\"Reservas de tiempo en el backend de Staffice\" class=\"wp-image-3108\" srcset=\"https:\/\/www.staffice.app\/wp-content\/uploads\/2023\/04\/zeiterfassung-04.png 766w, https:\/\/www.staffice.app\/wp-content\/uploads\/2023\/04\/zeiterfassung-04-300x226.png 300w\" sizes=\"(max-width: 766px) 100vw, 766px\" \/><\/figure>\n<\/div>\n\n\n\n<div class=\"wp-block-ainoblocks-grid-item col_start_d__8 col_end_d__12 col_start_t__2 col_end_t__12 col_start_m__2 col_end_m__12 align-self__center no-stacking\">\n<div class=\"wp-block-ab-animate\" data-scroll-class=\"fadeInRight\">\n<figure class=\"wp-block-image size-full is-resized\"><img decoding=\"async\" loading=\"lazy\" width=\"101\" height=\"98\" src=\"https:\/\/www.staffice.app\/wp-content\/uploads\/2023\/02\/happy.webp\" alt=\"\" class=\"wp-image-1562\" style=\"width:80px;height:78px\"\/><\/figure>\n\n\n\n<h3 class=\"wp-block-heading has-text-xxl-font-size pt__10 pb__10\"><strong><strong><strong>C\u00f3modas funciones para su gesti\u00f3n de personal<\/strong><\/strong><\/strong><\/h3>\n\n\n\n<p>En el back-end de Staffice, su departamento de RR. HH. siempre tiene una visi\u00f3n general de todos los horarios de trabajo y puede realizar un seguimiento de las reservas y correcciones y modificarlas si es necesario.<\/p>\n<\/div>\n<\/div>\n<\/div>\n<\/div>\n\n<div class=\"wp-block-group alignfull has-global-padding is-layout-constrained wp-block-group-is-layout-constrained\">\n<div class=\"wp-block-ainoblocks-grid-container alignwide ab-grid-block pt__12 pb__15\">\n<div class=\"wp-block-ainoblocks-grid-item col_start_d__7 col_end_d__12 col_start_t__2 col_end_t__12 col_start_m__2 col_end_m__12 no-stacking pb__10\">\n<div class=\"wp-block-ab-animate\" data-scroll-class=\"fadeIn\">\n<figure class=\"wp-block-image size-full\"><img decoding=\"async\" loading=\"lazy\" width=\"892\" height=\"808\" src=\"https:\/\/www.staffice.app\/wp-content\/uploads\/2023\/02\/zeiterfassung_03.webp\" alt=\"\" class=\"wp-image-668\" srcset=\"https:\/\/www.staffice.app\/wp-content\/uploads\/2023\/02\/zeiterfassung_03.webp 892w, https:\/\/www.staffice.app\/wp-content\/uploads\/2023\/02\/zeiterfassung_03-300x272.webp 300w, https:\/\/www.staffice.app\/wp-content\/uploads\/2023\/02\/zeiterfassung_03-768x696.webp 768w\" sizes=\"(max-width: 892px) 100vw, 892px\" \/><\/figure>\n<\/div>\n<\/div>\n\n\n\n<div class=\"wp-block-ainoblocks-grid-item col_start_d__2 col_end_d__6 col_start_t__2 col_end_t__12 col_start_m__2 col_end_m__12 align-self__center no-stacking\">\n<div class=\"wp-block-ab-animate\" data-scroll-class=\"fadeInLeft\">\n<h3 class=\"wp-block-heading has-text-xxl-font-size pb__10\">Opcional: <strong><strong>Comprobar la seguridad <\/strong><\/strong><\/h3>\n\n\n\n<p>\u201cNo puedo localizar a la Sra. Arndt, \u00bfest\u00e1 en su descanso? \u00bfO ya ha salido del trabajo?\u201d <\/p>\n\n\n\n<p class=\"pb__10\"><strong>En la aplicaci\u00f3n para empleados de Staffice, puede registrar el estado de asistencia de todos los empleados de un vistazo, si es necesario.<\/strong><\/p>\n\n\n\n<p class=\"pb__7\">Cada equipo es diferente: La lista de asistencia es, por supuesto, opcional y se puede desactivar.<\/p>\n<\/div>\n<\/div>\n<\/div>\n<\/div>\n\n<div class=\"wp-block-group alignfull has-background pt__15 pb__1 is-layout-flow wp-block-group-is-layout-flow\" style=\"background-color:#0f253b\">\n<div class=\"wp-block-group pb__15 is-layout-flow wp-block-group-is-layout-flow\">\n<h2 class=\"wp-block-heading alignwide has-text-align-center has-background-primary-color has-text-color has-text-xxxl-font-size pt__10 pb__10 pl__3 pr__3\">Registro de tiempos m\u00e1s f\u00e1cil: pruebe Staffice ahora y obtenga el m\u00f3dulo \u00abRegistro de tiempos\u00bb gratis durante un a\u00f1o.<\/h2>\n\n\n\n<div class=\"wp-block-uagb-buttons uagb-buttons__outer-wrap uagb-btn__default-btn uagb-btn-tablet__default-btn uagb-btn-mobile__default-btn uagb-block-ca383e60\"><div class=\"uagb-buttons__wrap uagb-buttons-layout-wrap \">\n<div class=\"wp-block-uagb-buttons-child uagb-buttons__outer-wrap uagb-block-7115bb92 wp-block-button\"><div class=\"uagb-button__wrapper\"><a class=\"uagb-buttons-repeater wp-block-button__link\" aria-label=\"\" href=\"https:\/\/www.staffice.app\/es\/pruebe-ahora\/#demo\" rel=\"follow noopener\" target=\"_self\" role=\"button\"><div class=\"uagb-button__link\">Organizar una manifestaci\u00f3n<\/div><\/a><\/div><\/div>\n<\/div><\/div>\n<\/div>\n<\/div>\n","protected":false},"excerpt":{"rendered":"<p>Registro de tiempos m\u00e1s f\u00e1cil: pruebe Staffice ahora y obtenga el m\u00f3dulo \u00abRegistro de tiempos\u00bb gratis durante un a\u00f1o.<\/p>\n","protected":false},"author":1,"featured_media":5363,"parent":0,"menu_order":0,"comment_status":"closed","ping_status":"closed","template":"","meta":{"_uag_custom_page_level_css":"","footnotes":""},"yoast_head":"<!-- This site is optimized with the Yoast SEO plugin v21.8 - https:\/\/yoast.com\/wordpress\/plugins\/seo\/ -->\n<title>Registro del tiempo de trabajo | Staffice Mitarbeiter-App<\/title>\n<meta name=\"description\" content=\"La soluci\u00f3n sencilla, r\u00e1pida y econ\u00f3mica para el registro de su tiempo: Realice el seguimiento de las horas de trabajo f\u00e1cilmente con Staffice\" \/>\n<meta name=\"robots\" content=\"index, follow, max-snippet:-1, max-image-preview:large, max-video-preview:-1\" \/>\n<link rel=\"canonical\" href=\"https:\/\/www.staffice.app\/es\/registro-del-tiempo-de-trabajo\/\" \/>\n<meta property=\"og:locale\" content=\"es_ES\" \/>\n<meta property=\"og:type\" content=\"article\" \/>\n<meta property=\"og:title\" content=\"Registro del tiempo con Staffice\" \/>\n<meta property=\"og:description\" content=\"La soluci\u00f3n sencilla, r\u00e1pida y econ\u00f3mica para el registro de su tiempo: Realice el seguimiento de las horas de trabajo f\u00e1cilmente con Staffice\" \/>\n<meta property=\"og:url\" content=\"https:\/\/www.staffice.app\/es\/registro-del-tiempo-de-trabajo\/\" \/>\n<meta property=\"og:site_name\" content=\"Staffice Mitarbeiter-App\" \/>\n<meta property=\"article:modified_time\" content=\"2025-06-20T06:49:11+00:00\" \/>\n<meta property=\"og:image\" content=\"https:\/\/www.staffice.app\/wp-content\/uploads\/2023\/02\/staffice_zeiterfassung.jpg\" \/>\n<meta name=\"twitter:card\" content=\"summary_large_image\" \/>\n<meta name=\"twitter:title\" content=\"Registro del tiempo con Staffice\" \/>\n<meta name=\"twitter:description\" content=\"La soluci\u00f3n sencilla, r\u00e1pida y econ\u00f3mica para el registro de su tiempo: Realice el seguimiento de las horas de trabajo f\u00e1cilmente con Staffice\" \/>\n<meta name=\"twitter:image\" content=\"https:\/\/www.staffice.app\/wp-content\/uploads\/2023\/02\/staffice_zeiterfassung.jpg\" \/>\n<meta name=\"twitter:label1\" content=\"Tiempo de lectura\" \/>\n\t<meta name=\"twitter:data1\" content=\"1 minuto\" \/>\n<script type=\"application\/ld+json\" class=\"yoast-schema-graph\">{\"@context\":\"https:\/\/schema.org\",\"@graph\":[{\"@type\":\"WebPage\",\"@id\":\"https:\/\/www.staffice.app\/es\/registro-del-tiempo-de-trabajo\/\",\"url\":\"https:\/\/www.staffice.app\/es\/registro-del-tiempo-de-trabajo\/\",\"name\":\"Registro del tiempo de trabajo | Staffice Mitarbeiter-App\",\"isPartOf\":{\"@id\":\"https:\/\/www.staffice.app\/es\/#website\"},\"datePublished\":\"2023-02-06T08:37:14+00:00\",\"dateModified\":\"2025-06-20T06:49:11+00:00\",\"description\":\"La soluci\u00f3n sencilla, r\u00e1pida y econ\u00f3mica para el registro de su tiempo: Realice el seguimiento de las horas de trabajo f\u00e1cilmente con Staffice\",\"breadcrumb\":{\"@id\":\"https:\/\/www.staffice.app\/es\/registro-del-tiempo-de-trabajo\/#breadcrumb\"},\"inLanguage\":\"es\",\"potentialAction\":[{\"@type\":\"ReadAction\",\"target\":[\"https:\/\/www.staffice.app\/es\/registro-del-tiempo-de-trabajo\/\"]}]},{\"@type\":\"BreadcrumbList\",\"@id\":\"https:\/\/www.staffice.app\/es\/registro-del-tiempo-de-trabajo\/#breadcrumb\",\"itemListElement\":[{\"@type\":\"ListItem\",\"position\":1,\"name\":\"Startseite\",\"item\":\"https:\/\/www.staffice.app\/es\/\"},{\"@type\":\"ListItem\",\"position\":2,\"name\":\"Registro del tiempo de trabajo\"}]},{\"@type\":\"WebSite\",\"@id\":\"https:\/\/www.staffice.app\/es\/#website\",\"url\":\"https:\/\/www.staffice.app\/es\/\",\"name\":\"Staffice Mitarbeiter-App\",\"description\":\"\",\"publisher\":{\"@id\":\"https:\/\/www.staffice.app\/es\/#organization\"},\"potentialAction\":[{\"@type\":\"SearchAction\",\"target\":{\"@type\":\"EntryPoint\",\"urlTemplate\":\"https:\/\/www.staffice.app\/es\/?s={search_term_string}\"},\"query-input\":\"required name=search_term_string\"}],\"inLanguage\":\"es\"},{\"@type\":\"Organization\",\"@id\":\"https:\/\/www.staffice.app\/es\/#organization\",\"name\":\"Staffice\",\"url\":\"https:\/\/www.staffice.app\/es\/\",\"logo\":{\"@type\":\"ImageObject\",\"inLanguage\":\"es\",\"@id\":\"https:\/\/www.staffice.app\/es\/#\/schema\/logo\/image\/\",\"url\":\"https:\/\/www.staffice.app\/wp-content\/uploads\/2023\/02\/staffice_logo.webp\",\"contentUrl\":\"https:\/\/www.staffice.app\/wp-content\/uploads\/2023\/02\/staffice_logo.webp\",\"width\":200,\"height\":58,\"caption\":\"Staffice\"},\"image\":{\"@id\":\"https:\/\/www.staffice.app\/es\/#\/schema\/logo\/image\/\"}}]}<\/script>\n<!-- \/ Yoast SEO plugin. -->","yoast_head_json":{"title":"Registro del tiempo de trabajo | Staffice Mitarbeiter-App","description":"La soluci\u00f3n sencilla, r\u00e1pida y econ\u00f3mica para el registro de su tiempo: Realice el seguimiento de las horas de trabajo f\u00e1cilmente con Staffice","robots":{"index":"index","follow":"follow","max-snippet":"max-snippet:-1","max-image-preview":"max-image-preview:large","max-video-preview":"max-video-preview:-1"},"canonical":"https:\/\/www.staffice.app\/es\/registro-del-tiempo-de-trabajo\/","og_locale":"es_ES","og_type":"article","og_title":"Registro del tiempo con Staffice","og_description":"La soluci\u00f3n sencilla, r\u00e1pida y econ\u00f3mica para el registro de su tiempo: Realice el seguimiento de las horas de trabajo f\u00e1cilmente con Staffice","og_url":"https:\/\/www.staffice.app\/es\/registro-del-tiempo-de-trabajo\/","og_site_name":"Staffice Mitarbeiter-App","article_modified_time":"2025-06-20T06:49:11+00:00","og_image":[{"url":"https:\/\/www.staffice.app\/wp-content\/uploads\/2023\/02\/staffice_zeiterfassung.jpg"}],"twitter_card":"summary_large_image","twitter_title":"Registro del tiempo con Staffice","twitter_description":"La soluci\u00f3n sencilla, r\u00e1pida y econ\u00f3mica para el registro de su tiempo: Realice el seguimiento de las horas de trabajo f\u00e1cilmente con Staffice","twitter_image":"https:\/\/www.staffice.app\/wp-content\/uploads\/2023\/02\/staffice_zeiterfassung.jpg","twitter_misc":{"Tiempo de lectura":"1 minuto"},"schema":{"@context":"https:\/\/schema.org","@graph":[{"@type":"WebPage","@id":"https:\/\/www.staffice.app\/es\/registro-del-tiempo-de-trabajo\/","url":"https:\/\/www.staffice.app\/es\/registro-del-tiempo-de-trabajo\/","name":"Registro del tiempo de trabajo | Staffice Mitarbeiter-App","isPartOf":{"@id":"https:\/\/www.staffice.app\/es\/#website"},"datePublished":"2023-02-06T08:37:14+00:00","dateModified":"2025-06-20T06:49:11+00:00","description":"La soluci\u00f3n sencilla, r\u00e1pida y econ\u00f3mica para el registro de su tiempo: Realice el seguimiento de las horas de trabajo f\u00e1cilmente con Staffice","breadcrumb":{"@id":"https:\/\/www.staffice.app\/es\/registro-del-tiempo-de-trabajo\/#breadcrumb"},"inLanguage":"es","potentialAction":[{"@type":"ReadAction","target":["https:\/\/www.staffice.app\/es\/registro-del-tiempo-de-trabajo\/"]}]},{"@type":"BreadcrumbList","@id":"https:\/\/www.staffice.app\/es\/registro-del-tiempo-de-trabajo\/#breadcrumb","itemListElement":[{"@type":"ListItem","position":1,"name":"Startseite","item":"https:\/\/www.staffice.app\/es\/"},{"@type":"ListItem","position":2,"name":"Registro del tiempo de trabajo"}]},{"@type":"WebSite","@id":"https:\/\/www.staffice.app\/es\/#website","url":"https:\/\/www.staffice.app\/es\/","name":"Staffice Mitarbeiter-App","description":"","publisher":{"@id":"https:\/\/www.staffice.app\/es\/#organization"},"potentialAction":[{"@type":"SearchAction","target":{"@type":"EntryPoint","urlTemplate":"https:\/\/www.staffice.app\/es\/?s={search_term_string}"},"query-input":"required name=search_term_string"}],"inLanguage":"es"},{"@type":"Organization","@id":"https:\/\/www.staffice.app\/es\/#organization","name":"Staffice","url":"https:\/\/www.staffice.app\/es\/","logo":{"@type":"ImageObject","inLanguage":"es","@id":"https:\/\/www.staffice.app\/es\/#\/schema\/logo\/image\/","url":"https:\/\/www.staffice.app\/wp-content\/uploads\/2023\/02\/staffice_logo.webp","contentUrl":"https:\/\/www.staffice.app\/wp-content\/uploads\/2023\/02\/staffice_logo.webp","width":200,"height":58,"caption":"Staffice"},"image":{"@id":"https:\/\/www.staffice.app\/es\/#\/schema\/logo\/image\/"}}]}},"uagb_featured_image_src":{"full":["https:\/\/www.staffice.app\/wp-content\/uploads\/2023\/02\/staffice_zeiterfassung.jpg",800,600,false],"thumbnail":["https:\/\/www.staffice.app\/wp-content\/uploads\/2023\/02\/staffice_zeiterfassung-150x150.jpg",150,150,true],"medium":["https:\/\/www.staffice.app\/wp-content\/uploads\/2023\/02\/staffice_zeiterfassung-300x225.jpg",300,225,true],"medium_large":["https:\/\/www.staffice.app\/wp-content\/uploads\/2023\/02\/staffice_zeiterfassung-768x576.jpg",768,576,true],"large":["https:\/\/www.staffice.app\/wp-content\/uploads\/2023\/02\/staffice_zeiterfassung.jpg",800,600,false],"1536x1536":["https:\/\/www.staffice.app\/wp-content\/uploads\/2023\/02\/staffice_zeiterfassung.jpg",800,600,false],"2048x2048":["https:\/\/www.staffice.app\/wp-content\/uploads\/2023\/02\/staffice_zeiterfassung.jpg",800,600,false]},"uagb_author_info":{"display_name":"Hendrik Ringburger","author_link":"https:\/\/www.staffice.app\/es\/author\/hendrik\/"},"uagb_comment_info":0,"uagb_excerpt":"Registro de tiempos m\u00e1s f\u00e1cil: pruebe Staffice ahora y obtenga el m\u00f3dulo \u00abRegistro de tiempos\u00bb gratis durante un a\u00f1o.","_links":{"self":[{"href":"https:\/\/www.staffice.app\/es\/wp-json\/wp\/v2\/pages\/5357"}],"collection":[{"href":"https:\/\/www.staffice.app\/es\/wp-json\/wp\/v2\/pages"}],"about":[{"href":"https:\/\/www.staffice.app\/es\/wp-json\/wp\/v2\/types\/page"}],"author":[{"embeddable":true,"href":"https:\/\/www.staffice.app\/es\/wp-json\/wp\/v2\/users\/1"}],"replies":[{"embeddable":true,"href":"https:\/\/www.staffice.app\/es\/wp-json\/wp\/v2\/comments?post=5357"}],"version-history":[{"count":2,"href":"https:\/\/www.staffice.app\/es\/wp-json\/wp\/v2\/pages\/5357\/revisions"}],"predecessor-version":[{"id":8049,"href":"https:\/\/www.staffice.app\/es\/wp-json\/wp\/v2\/pages\/5357\/revisions\/8049"}],"wp:featuredmedia":[{"embeddable":true,"href":"https:\/\/www.staffice.app\/es\/wp-json\/wp\/v2\/media\/5363"}],"wp:attachment":[{"href":"https:\/\/www.staffice.app\/es\/wp-json\/wp\/v2\/media?parent=5357"}],"curies":[{"name":"wp","href":"https:\/\/api.w.org\/{rel}","templated":true}]}}